{"id":829,"date":"2023-11-28T19:41:24","date_gmt":"2023-11-28T17:41:24","guid":{"rendered":"https:\/\/www.carbovic.cat\/?page_id=829"},"modified":"2023-12-15T18:23:07","modified_gmt":"2023-12-15T16:23:07","slug":"politica-de-privacidad-redes-sociales","status":"publish","type":"page","link":"https:\/\/www.carbovic.cat\/es\/inicio\/politica-de-privacidad-redes-sociales\/","title":{"rendered":"POL\u00cdTICA DE PRIVACIDAD REDES SOCIALES"},"content":{"rendered":"<div class=\"wpb-content-wrapper\">[vc_row css_animation=\u00bb\u00bb row_type=\u00bbrow\u00bb use_row_as_full_screen_section=\u00bbno\u00bb type=\u00bbfull_width\u00bb angled_section=\u00bbno\u00bb text_align=\u00bbleft\u00bb background_image_as_pattern=\u00bbwithout_pattern\u00bb z_index=\u00bb\u00bb][vc_column][vc_single_image image=\u00bb260&#8243; img_size=\u00bbfull\u00bb qode_css_animation=\u00bb\u00bb][\/vc_column][\/vc_row][vc_row css_animation=\u00bb\u00bb row_type=\u00bbrow\u00bb use_row_as_full_screen_section=\u00bbno\u00bb type=\u00bbgrid\u00bb angled_section=\u00bbno\u00bb text_align=\u00bbleft\u00bb background_image_as_pattern=\u00bbwithout_pattern\u00bb z_index=\u00bb\u00bb padding_top=\u00bb30&#8243;][vc_column][vc_column_text]\r\n<p style=\"text-align: right;\"><a href=\"\/es\">Inicio<\/a> \/\/ Pol\u00edtica de privacidad redes sociales<\/p>\r\n[\/vc_column_text][\/vc_column][\/vc_row][vc_row css_animation=\u00bb\u00bb row_type=\u00bbrow\u00bb use_row_as_full_screen_section=\u00bbno\u00bb type=\u00bbgrid\u00bb angled_section=\u00bbno\u00bb text_align=\u00bbleft\u00bb background_image_as_pattern=\u00bbwithout_pattern\u00bb z_index=\u00bb\u00bb padding_top=\u00bb75&#8243; padding_bottom=\u00bb75&#8243; anchor=\u00bbinici\u00bb][vc_column][vc_column_text]\r\n<h1>POL\u00cdTICA DE PRIVACIDAD REDES SOCIALES<\/h1>\r\n[\/vc_column_text][vc_empty_space height=\u00bb75&#8243;][vc_column_text]\r\n<div class=\"cmsms_text\">\r\n\r\nDe conformidad con lo que establece la normativa vigente en Protecci\u00f3n de Datos de Car\u00e1cter Personal (RGPD) y la Ley 34\/2002, de 11 de julio, de Servicios de la Sociedad de la Informaci\u00f3n y de Comercio Electr\u00f3nico (LSSI-CE), BRASA VINS I COPES S.L. informa a los usuarios, que ha procedido a crear un perfil en la\/s Red\/s Social\/s Facebook e Instagram, con la finalidad principal de publicitar sus productos y servicios.\r\n\r\n&nbsp;\r\n\r\nDatos de BRASA VINS I COPES S.L.:\r\n\r\n&nbsp;\r\n<ul>\r\n \t<li style=\"list-style-type: none;\">\r\n<ul>\r\n \t<li style=\"list-style-type: none;\">\r\n<ul>\r\n \t<li><strong>NIF:<\/strong> B61375382<\/li>\r\n \t<li><strong>DIRECCI\u00d3N:<\/strong> C\/ DUESS SOLES 8, 08500 VIC<\/li>\r\n \t<li><strong>CORREO ELECTR\u00d3NICO:<\/strong> administracio@carbovic.cat<\/li>\r\n \t<li><strong>DOMINIO WEB:<\/strong> www.carbovic.cat<\/li>\r\n<\/ul>\r\n<\/li>\r\n<\/ul>\r\n<\/li>\r\n<\/ul>\r\n&nbsp;\r\n\r\nEl usuario dispone de un perfil en la misma Red Social y ha decidido unirse a la p\u00e1gina creada por BRASA VINS I COPES S.L., mostrando as\u00ed inter\u00e9s en la informaci\u00f3n que se publicite en la Red. Al unirse a nuestra p\u00e1gina, nos facilita su consentimiento para el tratamiento de aquellos datos personales publicados en su perfil.\r\n\r\n&nbsp;\r\n\r\nEl usuario puede acceder en todo momento a las pol\u00edticas de privacidad de la propia Red Social, as\u00ed como configurar su perfil para garantizar su privacidad.\r\n\r\n&nbsp;\r\n\r\nBRASA VINOS Y COPAS S.L. tiene acceso y trata la informaci\u00f3n p\u00fablica del usuario, en especial, su nombre de contacto. Estos datos, solo son utilizados dentro de la propia Red Social. No son incorporadas a ning\u00fan archivo.\r\n\r\n&nbsp;\r\n\r\nEn relaci\u00f3n con los derechos de acceso, rectificaci\u00f3n, limitaci\u00f3n de tratamiento, supresi\u00f3n, portabilidad y oposici\u00f3n al tratamiento, de los que usted dispone y que pueden ser ejercidos ante BRASA VINS I COPES S.L., de acuerdo con el RGPD, debe tener en cuenta los siguientes matices:\r\n\r\n&nbsp;\r\n<ul>\r\n \t<li style=\"list-style-type: none;\">\r\n<ul>\r\n \t<li style=\"list-style-type: none;\">\r\n<ul>\r\n \t<li><strong>Acceso:<\/strong> vendr\u00e1 definido por la funcionalidad de la Red Social y la capacidad de acceso a la informaci\u00f3n de los perfiles de los usuarios.<\/li>\r\n \t<li><strong>Rectificaci\u00f3n:<\/strong> solo podr\u00e1 satisfacerse con relaci\u00f3n a la informaci\u00f3n que se encuentre bajo el control de BRASA VINS I COPES S.L., por ejemplo, eliminar comentarios publicados en la misma p\u00e1gina. Normalmente, este derecho debe ejercerlo ante la Red Social.<\/li>\r\n \t<li><strong>Cancelaci\u00f3n y\/u oposici\u00f3n:<\/strong> como en el caso anterior, s\u00f3lo podr\u00e1 satisfacerse con relaci\u00f3n a la informaci\u00f3n que se encuentre bajo el control de BRASA VINS I COPES S.L., por ejemplo, dejar de estar unido al perfil.<\/li>\r\n<\/ul>\r\n<\/li>\r\n<\/ul>\r\n<\/li>\r\n<\/ul>\r\n&nbsp;\r\n\r\nBRASA VINS I COPES S.L. realizar\u00e1 las siguientes actuaciones:\r\n\r\n&nbsp;\r\n<ul>\r\n \t<li style=\"list-style-type: none;\">\r\n<ul>\r\n \t<li style=\"list-style-type: none;\">\r\n<ul>\r\n \t<li>Acceso a la informaci\u00f3n p\u00fablica del perfil.<\/li>\r\n \t<li>Publicaci\u00f3n en el perfil del usuario de toda aquella informaci\u00f3n ya publicada en la p\u00e1gina de BRASA VINS I COPES S.L.<\/li>\r\n \t<li>Enviar mensajes personales e individuales a trav\u00e9s de los canales de la Red Social.<\/li>\r\n \t<li>Actualizaciones del estado de la p\u00e1gina que se publicar\u00e1n en el perfil del usuario.<\/li>\r\n<\/ul>\r\n<\/li>\r\n<\/ul>\r\n<\/li>\r\n<\/ul>\r\n&nbsp;\r\n\r\nEl usuario siempre puede controlar sus conexiones, eliminar los contenidos que dejen de interesar y restringir con quien comparte sus conexiones, para lo cual deber\u00e1 acceder a su configuraci\u00f3n de privacidad.\r\n\r\n<\/div>\r\n&nbsp;\r\n\r\n[vc_empty_space height=\u00bb50px\u00bb]\r\n<div class=\"cmsms_text\">\r\n<h2 class=\"wp-block-heading\">PUBLICACIONES<\/h2>\r\n[vc_separator type=\u00bbsmall\u00bb position=\u00bbleft\u00bb up=\u00bb15&#8243; down=\u00bb40&#8243; color=\u00bb#000000&#8243; transparency=\u00bb1&#8243; thickness=\u00bb2&#8243; width=\u00bb100&#8243;]\r\n\r\nEl usuario, una vez unido a la p\u00e1gina de BRASA VINS I COPES S.L., podr\u00e1 publicar en esta \u00faltima comentarios, enlaces, im\u00e1genes o fotograf\u00edas o cualquier otro tipo de contenido multimedia soportado por la Red Social. El usuario, en todos los casos, debe ser el titular de los mismos, gozar de los derechos de autor y de propiedad intelectual o contar con el consentimiento de los terceros afectados. Se proh\u00edbe expresamente cualquier publicaci\u00f3n en la p\u00e1gina, ya sean textos, gr\u00e1ficos, fotograf\u00edas, v\u00eddeos, etc. que atenten o sean susceptibles de atentar contra la moral, la \u00e9tica, el buen gusto o el decoro, y\/o que infrinjan, violen o infrinjan los derechos de propiedad intelectual o industrial, el derecho a la imagen o la ley . En estos casos, BRASA VINS I COPES S.L. se reserva el derecho a retirar de inmediato el contenido, pudiendo solicitar el bloqueo permanente del usuario.\r\n\r\n&nbsp;\r\n\r\nBRASA VINS I COPES S.L.. SL no se har\u00e1 responsable de los contenidos que libremente ha publicado un usuario.\r\n\r\n&nbsp;\r\n\r\nEl usuario debe tener presente que sus publicaciones ser\u00e1n conocidas por los dem\u00e1s usuarios, por lo que \u00e9l mismo es el principal responsable de su privacidad.\r\n\r\n&nbsp;\r\n\r\nLas im\u00e1genes se puedan publicar en la p\u00e1gina no ser\u00e1n almacenadas en ning\u00fan archivo por parte de BRASA VINS I COPES S.L., pero s\u00ed permanecer\u00e1n en la Red Social.\r\n\r\n<\/div>\r\n&nbsp;\r\n\r\n[vc_empty_space height=\u00bb50px\u00bb]\r\n<div class=\"cmsms_text\">\r\n<h2>CONCURSOS Y PROMOCIONES<\/h2>\r\n[vc_separator type=\u00bbsmall\u00bb position=\u00bbleft\u00bb up=\u00bb15&#8243; down=\u00bb40&#8243; color=\u00bb#000000&#8243; transparency=\u00bb1&#8243; thickness=\u00bb2&#8243; width=\u00bb100&#8243;]\r\n\r\nBRASA VINS I COPES S.L. se reserva el derecho a realizar concursos y promociones, en los que podr\u00e1 participar el usuario unido a su p\u00e1gina. Las bases de cada uno de ellos, cuando se utilice para ello la plataforma de la Red Social, ser\u00e1n publicadas en la misma. Cumpliendo siempre con la LSSI-CE y cualquier otra norma que le sea de aplicaci\u00f3n.\r\n\r\n&nbsp;\r\n\r\nLa Red Social no patrocina, avala ni administra, en modo alguno, ninguna de nuestras promociones, ni est\u00e1 asociada a ninguna de ellas.\r\n\r\n<\/div>\r\n[vc_empty_space height=\u00bb50px\u00bb]\r\n<div class=\"cmsms_text\">\r\n<h2>PUBLICIDAD<\/h2>\r\n[vc_separator type=\u00bbsmall\u00bb position=\u00bbleft\u00bb up=\u00bb15&#8243; down=\u00bb40&#8243; color=\u00bb#000000&#8243; transparency=\u00bb1&#8243; thickness=\u00bb2&#8243; width=\u00bb100&#8243;]\r\n\r\nBRASA VINS I COPES S.L. utilizar\u00e1 la Red Social para publicitar sus productos y servicios, en cualquier caso, si decide tratar sus datos de contacto para realizar acciones directas de prospecci\u00f3n comercial, ser\u00e1 siempre, cumpliendo con las exigencias legales del RGPD y de la LSSI-CE.\r\n\r\n&nbsp;\r\n\r\nNo se considera publicidad el recomendar a otros usuarios la p\u00e1gina de BBRASA VINS I COPES S.L.. para que tambi\u00e9n ellos puedan gozar de las promociones o estar informados de su actividad.\r\n\r\n<\/div>\r\n[\/vc_column_text][\/vc_column][\/vc_row]<\/div>","protected":false},"excerpt":{"rendered":"<p>[vc_row css_animation=\u00bb\u00bb row_type=\u00bbrow\u00bb use_row_as_full_screen_section=\u00bbno\u00bb type=\u00bbfull_width\u00bb angled_section=\u00bbno\u00bb text_align=\u00bbleft\u00bb background_image_as_pattern=\u00bbwithout_pattern\u00bb z_index=\u00bb\u00bb][vc_column][vc_single_image image=\u00bb260&#8243; img_size=\u00bbfull\u00bb qode_css_animation=\u00bb\u00bb][\/vc_column][\/vc_row][vc_row css_animation=\u00bb\u00bb row_type=\u00bbrow\u00bb use_row_as_full_screen_section=\u00bbno\u00bb type=\u00bbgrid\u00bb angled_section=\u00bbno\u00bb text_align=\u00bbleft\u00bb background_image_as_pattern=\u00bbwithout_pattern\u00bb z_index=\u00bb\u00bb padding_top=\u00bb30&#8243;][vc_column][vc_column_text] Inicio \/\/ Pol\u00edtica de privacidad redes sociales [\/vc_column_text][\/vc_column][\/vc_row][vc_row css_animation=\u00bb\u00bb row_type=\u00bbrow\u00bb use_row_as_full_screen_section=\u00bbno\u00bb type=\u00bbgrid\u00bb angled_section=\u00bbno\u00bb text_align=\u00bbleft\u00bb background_image_as_pattern=\u00bbwithout_pattern\u00bb z_index=\u00bb\u00bb padding_top=\u00bb75&#8243; padding_bottom=\u00bb75&#8243; anchor=\u00bbinici\u00bb][vc_column][vc_column_text] POL\u00cdTICA DE PRIVACIDAD REDES SOCIALES&hellip; <a class=\"continue\" href=\"https:\/\/www.carbovic.cat\/es\/inicio\/politica-de-privacidad-redes-sociales\/\">CONTINUAR >><span> POL\u00cdTICA DE PRIVACIDAD REDES SOCIALES<\/span><\/a><\/p>\n","protected":false},"author":1,"featured_media":0,"parent":708,"menu_order":0,"comment_status":"closed","ping_status":"open","template":"full_width.php","meta":{"_joinchat":[],"footnotes":""},"class_list":["post-829","page","type-page","status-publish","hentry"],"_links":{"self":[{"href":"https:\/\/www.carbovic.cat\/es\/wp-json\/wp\/v2\/pages\/829","targetHints":{"allow":["GET"]}}],"collection":[{"href":"https:\/\/www.carbovic.cat\/es\/wp-json\/wp\/v2\/pages"}],"about":[{"href":"https:\/\/www.carbovic.cat\/es\/wp-json\/wp\/v2\/types\/page"}],"author":[{"embeddable":true,"href":"https:\/\/www.carbovic.cat\/es\/wp-json\/wp\/v2\/users\/1"}],"replies":[{"embeddable":true,"href":"https:\/\/www.carbovic.cat\/es\/wp-json\/wp\/v2\/comments?post=829"}],"version-history":[{"count":1,"href":"https:\/\/www.carbovic.cat\/es\/wp-json\/wp\/v2\/pages\/829\/revisions"}],"predecessor-version":[{"id":830,"href":"https:\/\/www.carbovic.cat\/es\/wp-json\/wp\/v2\/pages\/829\/revisions\/830"}],"up":[{"embeddable":true,"href":"https:\/\/www.carbovic.cat\/es\/wp-json\/wp\/v2\/pages\/708"}],"wp:attachment":[{"href":"https:\/\/www.carbovic.cat\/es\/wp-json\/wp\/v2\/media?parent=829"}],"curies":[{"name":"wp","href":"https:\/\/api.w.org\/{rel}","templated":true}]}}