{"id":824,"date":"2023-11-28T19:11:37","date_gmt":"2023-11-28T17:11:37","guid":{"rendered":"https:\/\/www.carbovic.cat\/?page_id=824"},"modified":"2023-12-15T17:56:38","modified_gmt":"2023-12-15T15:56:38","slug":"politica-de-cookies","status":"publish","type":"page","link":"https:\/\/www.carbovic.cat\/es\/inicio\/politica-de-cookies\/","title":{"rendered":"POL\u00cdTICA DE COOKIES"},"content":{"rendered":"<div class=\"wpb-content-wrapper\">[vc_row css_animation=\u00bb\u00bb row_type=\u00bbrow\u00bb use_row_as_full_screen_section=\u00bbno\u00bb type=\u00bbfull_width\u00bb angled_section=\u00bbno\u00bb text_align=\u00bbleft\u00bb background_image_as_pattern=\u00bbwithout_pattern\u00bb z_index=\u00bb\u00bb][vc_column][vc_single_image image=\u00bb260&#8243; img_size=\u00bbfull\u00bb qode_css_animation=\u00bb\u00bb][\/vc_column][\/vc_row][vc_row css_animation=\u00bb\u00bb row_type=\u00bbrow\u00bb use_row_as_full_screen_section=\u00bbno\u00bb type=\u00bbgrid\u00bb angled_section=\u00bbno\u00bb text_align=\u00bbleft\u00bb background_image_as_pattern=\u00bbwithout_pattern\u00bb z_index=\u00bb\u00bb padding_top=\u00bb30&#8243;][vc_column][vc_column_text]\r\n<p style=\"text-align: right;\"><a href=\"\/es\">Inicio<\/a> \/\/ Pol\u00edtica de cookies<\/p>\r\n[\/vc_column_text][\/vc_column][\/vc_row][vc_row css_animation=\u00bb\u00bb row_type=\u00bbrow\u00bb use_row_as_full_screen_section=\u00bbno\u00bb type=\u00bbgrid\u00bb angled_section=\u00bbno\u00bb text_align=\u00bbleft\u00bb background_image_as_pattern=\u00bbwithout_pattern\u00bb z_index=\u00bb\u00bb padding_top=\u00bb75&#8243; padding_bottom=\u00bb75&#8243; anchor=\u00bbinici\u00bb][vc_column][vc_column_text]\r\n<h1>POL\u00cdTICA DE COOKIES<\/h1>\r\n[\/vc_column_text][vc_empty_space height=\u00bb75&#8243;][vc_column_text]\r\n\r\nUna Cookie es un archivo que se descarga en su ordenador al acceder a determinadas p\u00e1ginas web. Las cookies permiten a una p\u00e1gina web, entre otras cosas, almacenar y recuperar informaci\u00f3n sobre los h\u00e1bitos de navegaci\u00f3n de un usuario o de su equipo y, dependiendo de la informaci\u00f3n que contenga y de la forma en que utilice su equipo, se pueden utilizar para reconocer al usuario.\r\n\r\n&nbsp;\r\n\r\nLas cookies son esenciales para el funcionamiento de internet, aportando innumerables ventajas en la prestaci\u00f3n de servicios interactivos, facilitando la navegaci\u00f3n y usabilidad de nuestra web.\r\n\r\n&nbsp;\r\n\r\nLa informaci\u00f3n que le proporcionamos a continuaci\u00f3n, le ayudar\u00e1 a comprender los diferentes tipos de cookies:\r\n<div class=\"cmsms_text\">\r\n\r\n&nbsp;\r\n\r\n[vc_empty_space height=\u00bb50px\u00bb]\r\n<h2 class=\"wp-block-heading\">TIPO DE COOKIES<\/h2>\r\n[vc_separator type=\u00bbsmall\u00bb position=\u00bbleft\u00bb up=\u00bb15&#8243; down=\u00bb40&#8243; color=\u00bb#000000&#8243; transparency=\u00bb1&#8243; thickness=\u00bb2&#8243; width=\u00bb100&#8243;]\r\n<h3>SEG\u00daN LA ENTIDAD QUE LAS GESTIONE:<\/h3>\r\n<ul>\r\n \t<li style=\"list-style-type: none;\">\r\n<ul>\r\n \t<li style=\"list-style-type: none;\">\r\n<ul>\r\n \t<li><strong>Cookies propias:<\/strong> son aquellas que se recaudan por el mismo editor para prestar el servicio solicitado por el usuario.<\/li>\r\n \t<li><strong>Cookies de tercero:<\/strong> son aquellas que son recogidas y gestionadas por un tercero, estas no se pueden considerar propias.<\/li>\r\n<\/ul>\r\n<\/li>\r\n<\/ul>\r\n<\/li>\r\n<\/ul>\r\n[vc_empty_space height=\u00bb50px\u00bb]\r\n<h3>SEG\u00daN EL PLAZO DE TIEMPO QUE ROMANDAN ACTIVADAS:<\/h3>\r\n<ul>\r\n \t<li style=\"list-style-type: none;\">\r\n<ul>\r\n \t<li style=\"list-style-type: none;\">\r\n<ul>\r\n \t<li><strong>Cookies de sesi\u00f3n:<\/strong> recogen datos mientras el usuario navega por la red con el fin de prestar el servicio solicitado.<\/li>\r\n \t<li><strong>Cookies persistentes:<\/strong>\u00a0se almacenan en el terminal y la informaci\u00f3n obtenida, ser\u00e1 utilizada por el responsable de la cookie con el fin de prestar el servicio solicitado.<\/li>\r\n<\/ul>\r\n<\/li>\r\n<\/ul>\r\n<\/li>\r\n<\/ul>\r\n[vc_empty_space height=\u00bb50px\u00bb]\r\n<h3>SEG\u00daN LA FINALIDAD:<\/h3>\r\n<ul>\r\n \t<li style=\"list-style-type: none;\">\r\n<ul>\r\n \t<li style=\"list-style-type: none;\">\r\n<ul>\r\n \t<li><strong>Cookies t\u00e9cnicas:<\/strong> son las necesarias para la correcta navegaci\u00f3n por la web.<\/li>\r\n \t<li><strong>Cookies de personalizaci\u00f3n:<\/strong> permiten al usuario las caracter\u00edsticas (idioma) para la navegaci\u00f3n por la web.<\/li>\r\n \t<li><strong>Cookies de an\u00e1lisis:<\/strong> permiten al prestamista el an\u00e1lisis vinculado a la navegaci\u00f3n realizada por el usuario, con el fin de llevar un seguimiento de uso de la p\u00e1gina web, as\u00ed como realizar estad\u00edsticas de los contenidos m\u00e1s visitados, n\u00famero de visitantes, etc .<\/li>\r\n \t<li><strong>Cookies publicitarias:<\/strong> permiten al editor incluir en la web, espacios publicitarios, seg\u00fan el contenido de la misma web.<\/li>\r\n \t<li><strong>Cookies de publicidad comportamental:<\/strong>\u00a0permiten al editor incluir en la p\u00e1gina web espacios publicitarios seg\u00fan la informaci\u00f3n obtenida a trav\u00e9s de los h\u00e1bitos de navegaci\u00f3n del usuario.<\/li>\r\n<\/ul>\r\n<\/li>\r\n<\/ul>\r\n<\/li>\r\n<\/ul>\r\n<\/div>\r\n<div class=\"cmsms_text\">\r\n\r\n&nbsp;\r\n\r\n[vc_empty_space height=\u00bb50px\u00bb]\r\n<h2>COOKIES UTILIZADAS EN ESTE SITIO WEB<\/h2>\r\n[vc_separator type=\u00bbsmall\u00bb position=\u00bbleft\u00bb up=\u00bb15&#8243; down=\u00bb40&#8243; color=\u00bb#000000&#8243; transparency=\u00bb1&#8243; thickness=\u00bb2&#8243; width=\u00bb100&#8243;]\r\n\r\nSeg\u00fan lo dispuesto en el art\u00edculo 22.2 de la Ley 34\/2002, de 11 de julio, de Servicios de la Sociedad de la Informaci\u00f3n y de Comercio Electr\u00f3nico (LSSI-CE), BRASA VINS I COPES S.L. informa de las cookies utilizadas en nuestra web con las finalidades descritas a continuaci\u00f3n:\r\n\r\n<\/div>\r\n&nbsp;\r\n\r\n\n<table id=\"tablepress-2\" class=\"tablepress tablepress-id-2\">\n<thead>\n<tr class=\"row-1\">\n\t<th class=\"column-1\">NOMBRE<\/th><th class=\"column-2\">TIPO<\/th><th class=\"column-3\">ORIGEN<\/th><th class=\"column-4\">DURACI\u00d3N<\/th><th class=\"column-5\">FUNCI\u00d3N<\/th>\n<\/tr>\n<\/thead>\n<tbody class=\"row-striping row-hover\">\n<tr class=\"row-2\">\n\t<td class=\"column-1\">wpEmojiSettingsSupports<\/td><td class=\"column-2\">Funcional<\/td><td class=\"column-3\">WordPress<\/td><td class=\"column-4\">Sesi\u00f3n<\/td><td class=\"column-5\">Almacena los detalles del navegador<\/td>\n<\/tr>\n<tr class=\"row-3\">\n\t<td class=\"column-1\">__utmz<\/td><td class=\"column-2\">Estad\u00edsticas<\/td><td class=\"column-3\">Google Analytics<\/td><td class=\"column-4\">6 meses<\/td><td class=\"column-5\">Almacena las palabras clave y el motor de b\u00fasqueda utilizados<\/td>\n<\/tr>\n<tr class=\"row-4\">\n\t<td class=\"column-1\">_gid<\/td><td class=\"column-2\">Estad\u00edsticas<\/td><td class=\"column-3\">Google Analytics<\/td><td class=\"column-4\">1 d\u00eda<\/td><td class=\"column-5\">Cuenta y realiza un seguimiento de las p\u00e1ginas vistas<\/td>\n<\/tr>\n<tr class=\"row-5\">\n\t<td class=\"column-1\">__utma<\/td><td class=\"column-2\">Estad\u00edsticas<\/td><td class=\"column-3\">Google Analytics<\/td><td class=\"column-4\">Persistente<\/td><td class=\"column-5\">Calcula los d\u00edas y hora de compra<\/td>\n<\/tr>\n<tr class=\"row-6\">\n\t<td class=\"column-1\">__utmc<\/td><td class=\"column-2\">Estad\u00edsticas<\/td><td class=\"column-3\">Google Analytics<\/td><td class=\"column-4\">30 minutos<\/td><td class=\"column-5\">Almacena el tiempo de visita<\/td>\n<\/tr>\n<tr class=\"row-7\">\n\t<td class=\"column-1\">__utmt<\/td><td class=\"column-2\">Estad\u00edsticas<\/td><td class=\"column-3\">Google Analytics<\/td><td class=\"column-4\">10 minutos<\/td><td class=\"column-5\">Almacena el n\u00famero de solicitudes del servicio<\/td>\n<\/tr>\n<tr class=\"row-8\">\n\t<td class=\"column-1\">__utmb<\/td><td class=\"column-2\">Estad\u00edsticas<\/td><td class=\"column-3\">Google Analytics<\/td><td class=\"column-4\">Sesi\u00f3n<\/td><td class=\"column-5\">Almacena el tiempo de visita<\/td>\n<\/tr>\n<tr class=\"row-9\">\n\t<td class=\"column-1\">_ga_*<\/td><td class=\"column-2\">Estad\u00edsticas<\/td><td class=\"column-3\">Google Analytics<\/td><td class=\"column-4\">1 a\u00f1o<\/td><td class=\"column-5\">Cuenta y realiza un seguimiento de las p\u00e1ginas vistas<\/td>\n<\/tr>\n<tr class=\"row-10\">\n\t<td class=\"column-1\">_ga<\/td><td class=\"column-2\">Estad\u00edsticas<\/td><td class=\"column-3\">Google Analytics<\/td><td class=\"column-4\">2 a\u00f1os<\/td><td class=\"column-5\">Cuenta y realiza un seguimiento de las p\u00e1ginas vistas<\/td>\n<\/tr>\n<tr class=\"row-11\">\n\t<td class=\"column-1\">wp-wpml_current_language<\/td><td class=\"column-2\">Funcional<\/td><td class=\"column-3\">WPML<\/td><td class=\"column-4\">1 d\u00eda<\/td><td class=\"column-5\">Almacena la configuraci\u00f3n del idiomas<\/td>\n<\/tr>\n<tr class=\"row-12\">\n\t<td class=\"column-1\">rc::c<\/td><td class=\"column-2\">Marketing<\/td><td class=\"column-3\">Google reCAPTCHA<\/td><td class=\"column-4\">Sesi\u00f3n<\/td><td class=\"column-5\">Filtrar las solicitudes de los robots<\/td>\n<\/tr>\n<tr class=\"row-13\">\n\t<td class=\"column-1\">rc::b<\/td><td class=\"column-2\">Marketing<\/td><td class=\"column-3\">Google reCAPTCHA<\/td><td class=\"column-4\">Sesi\u00f3n<\/td><td class=\"column-5\">Filtrar las solicitudes de los robots<\/td>\n<\/tr>\n<tr class=\"row-14\">\n\t<td class=\"column-1\">rc::a<\/td><td class=\"column-2\">Marketing<\/td><td class=\"column-3\">Google reCAPTCHA<\/td><td class=\"column-4\">Persistente<\/td><td class=\"column-5\">Filtrar las solicitudes de los robots<\/td>\n<\/tr>\n<tr class=\"row-15\">\n\t<td class=\"column-1\">Google Maps API<\/td><td class=\"column-2\">Marketing<\/td><td class=\"column-3\">Google Maps<\/td><td class=\"column-4\">No<\/td><td class=\"column-5\">Preguntar la direcci\u00f3n IP del usuario<\/td>\n<\/tr>\n<\/tbody>\n<\/table>\n<!-- #tablepress-2 from cache -->\r\n\r\n&nbsp;\r\n\r\nAsimismo, BRASA VINS I COPES S.L. informa al usuario que tiene la posibilidad de configurar su navegador de forma que se le informe de la recepci\u00f3n de cookies, pudiendo, si as\u00ed lo desea, impedir que sean instaladas en su disco duro.\r\n\r\n&nbsp;\r\n\r\n[vc_empty_space height=\u00bb50px\u00bb]\r\n<h2>C\u00d3MO CONTROLAR Y ELIMINAR LAS COOKIES<\/h2>\r\n[vc_separator type=\u00bbsmall\u00bb position=\u00bbleft\u00bb up=\u00bb15&#8243; down=\u00bb40&#8243; color=\u00bb#000000&#8243; transparency=\u00bb1&#8243; thickness=\u00bb2&#8243; width=\u00bb100&#8243;]\r\n\r\nLa mayor\u00eda de los navegadores web aceptan cookies, pero puede cambiar la configuraci\u00f3n del navegador web para que rechace nuevas cookies, desactive las que ya existen o que le comunique cuando alguien le env\u00eda una nueva cookie a su dispositivo. Para cambiar la configuraci\u00f3n siga las instrucciones que le proporciona cada navegador:\r\n\r\n&nbsp;\r\n<ul>\r\n \t<li style=\"list-style-type: none;\">\r\n<ul>\r\n \t<li style=\"list-style-type: none;\">\r\n<ul>\r\n \t<li><strong>Internet Explorer:<\/strong> Herramientas &gt; Opciones de internet &gt; Privacidad (o bien haz clic aqu\u00ed para m\u00e1s informaci\u00f3n).<\/li>\r\n \t<li><strong>Firefox:<\/strong> Herramientas &gt; Opciones &gt; Privacidad &gt; Historial &gt; Par\u00e1metros personalizados (o bien haz clic aqu\u00ed para m\u00e1s informaci\u00f3n).<\/li>\r\n \t<li><strong>Chrome:<\/strong> Configuraci\u00f3n &gt; Muestra la configuraci\u00f3n avanzada &gt; Privacidad &gt; Configuraci\u00f3n del contenido (o bueno haz clic aqu\u00ed para m\u00e1s informaci\u00f3n).<\/li>\r\n \t<li><strong>Safari:<\/strong> Preferencias &gt; Seguridad (o bueno haz clic aqu\u00ed para m\u00e1s informaci\u00f3n).<\/li>\r\n \t<li><strong>Opera:<\/strong>\u00a0Configuraci\u00f3n (o\u00a0bueno\u00a0haz clic aqu\u00ed\u00a0para m\u00e1s informaci\u00f3n).<\/li>\r\n<\/ul>\r\n<\/li>\r\n<\/ul>\r\n<\/li>\r\n<\/ul>\r\n&nbsp;\r\n\r\nBloquear el uso de las cookies en su navegaci\u00f3n puede hacer que algunos servicios o caracter\u00edsticas del sitio web no est\u00e9n disponibles.[\/vc_column_text][\/vc_column][\/vc_row]<\/div>","protected":false},"excerpt":{"rendered":"<p>[vc_row css_animation=\u00bb\u00bb row_type=\u00bbrow\u00bb use_row_as_full_screen_section=\u00bbno\u00bb type=\u00bbfull_width\u00bb angled_section=\u00bbno\u00bb text_align=\u00bbleft\u00bb background_image_as_pattern=\u00bbwithout_pattern\u00bb z_index=\u00bb\u00bb][vc_column][vc_single_image image=\u00bb260&#8243; img_size=\u00bbfull\u00bb qode_css_animation=\u00bb\u00bb][\/vc_column][\/vc_row][vc_row css_animation=\u00bb\u00bb row_type=\u00bbrow\u00bb use_row_as_full_screen_section=\u00bbno\u00bb type=\u00bbgrid\u00bb angled_section=\u00bbno\u00bb text_align=\u00bbleft\u00bb background_image_as_pattern=\u00bbwithout_pattern\u00bb z_index=\u00bb\u00bb padding_top=\u00bb30&#8243;][vc_column][vc_column_text] Inicio \/\/ Pol\u00edtica de cookies [\/vc_column_text][\/vc_column][\/vc_row][vc_row css_animation=\u00bb\u00bb row_type=\u00bbrow\u00bb use_row_as_full_screen_section=\u00bbno\u00bb type=\u00bbgrid\u00bb angled_section=\u00bbno\u00bb text_align=\u00bbleft\u00bb background_image_as_pattern=\u00bbwithout_pattern\u00bb z_index=\u00bb\u00bb padding_top=\u00bb75&#8243; padding_bottom=\u00bb75&#8243; anchor=\u00bbinici\u00bb][vc_column][vc_column_text] POL\u00cdTICA DE COOKIES [\/vc_column_text][vc_empty_space height=\u00bb75&#8243;][vc_column_text] Una Cookie&hellip; <a class=\"continue\" href=\"https:\/\/www.carbovic.cat\/es\/inicio\/politica-de-cookies\/\">CONTINUAR >><span> POL\u00cdTICA DE COOKIES<\/span><\/a><\/p>\n","protected":false},"author":1,"featured_media":0,"parent":708,"menu_order":0,"comment_status":"closed","ping_status":"open","template":"full_width.php","meta":{"_joinchat":[],"footnotes":""},"class_list":["post-824","page","type-page","status-publish","hentry"],"_links":{"self":[{"href":"https:\/\/www.carbovic.cat\/es\/wp-json\/wp\/v2\/pages\/824","targetHints":{"allow":["GET"]}}],"collection":[{"href":"https:\/\/www.carbovic.cat\/es\/wp-json\/wp\/v2\/pages"}],"about":[{"href":"https:\/\/www.carbovic.cat\/es\/wp-json\/wp\/v2\/types\/page"}],"author":[{"embeddable":true,"href":"https:\/\/www.carbovic.cat\/es\/wp-json\/wp\/v2\/users\/1"}],"replies":[{"embeddable":true,"href":"https:\/\/www.carbovic.cat\/es\/wp-json\/wp\/v2\/comments?post=824"}],"version-history":[{"count":1,"href":"https:\/\/www.carbovic.cat\/es\/wp-json\/wp\/v2\/pages\/824\/revisions"}],"predecessor-version":[{"id":825,"href":"https:\/\/www.carbovic.cat\/es\/wp-json\/wp\/v2\/pages\/824\/revisions\/825"}],"up":[{"embeddable":true,"href":"https:\/\/www.carbovic.cat\/es\/wp-json\/wp\/v2\/pages\/708"}],"wp:attachment":[{"href":"https:\/\/www.carbovic.cat\/es\/wp-json\/wp\/v2\/media?parent=824"}],"curies":[{"name":"wp","href":"https:\/\/api.w.org\/{rel}","templated":true}]}}