{"id":821,"date":"2023-11-28T19:54:44","date_gmt":"2023-11-28T17:54:44","guid":{"rendered":"https:\/\/www.carbovic.cat\/?page_id=821"},"modified":"2023-12-19T16:53:21","modified_gmt":"2023-12-19T14:53:21","slug":"declaracion-de-accesibilidad","status":"publish","type":"page","link":"https:\/\/www.carbovic.cat\/es\/inicio\/declaracion-de-accesibilidad\/","title":{"rendered":"DECLARACI\u00d3N DE ACCESIBILIDAD"},"content":{"rendered":"<div class=\"wpb-content-wrapper\"><p>[vc_row css_animation=\u00bb\u00bb row_type=\u00bbrow\u00bb use_row_as_full_screen_section=\u00bbno\u00bb type=\u00bbfull_width\u00bb angled_section=\u00bbno\u00bb text_align=\u00bbleft\u00bb background_image_as_pattern=\u00bbwithout_pattern\u00bb z_index=\u00bb\u00bb][vc_column][vc_single_image image=\u00bb260&#8243; img_size=\u00bbfull\u00bb qode_css_animation=\u00bb\u00bb][\/vc_column][\/vc_row][vc_row css_animation=\u00bb\u00bb row_type=\u00bbrow\u00bb use_row_as_full_screen_section=\u00bbno\u00bb type=\u00bbgrid\u00bb angled_section=\u00bbno\u00bb text_align=\u00bbleft\u00bb background_image_as_pattern=\u00bbwithout_pattern\u00bb z_index=\u00bb\u00bb padding_top=\u00bb30&#8243;][vc_column][vc_column_text]<\/p>\r\n<p style=\"text-align: right;\"><a href=\"\/es\">Inicio<\/a> \/\/ Declaraci\u00f3n de accesibilidad<\/p>\r\n<p>[\/vc_column_text][\/vc_column][\/vc_row][vc_row css_animation=\u00bb\u00bb row_type=\u00bbrow\u00bb use_row_as_full_screen_section=\u00bbno\u00bb type=\u00bbgrid\u00bb angled_section=\u00bbno\u00bb text_align=\u00bbleft\u00bb background_image_as_pattern=\u00bbwithout_pattern\u00bb z_index=\u00bb\u00bb padding_top=\u00bb75&#8243; padding_bottom=\u00bb75&#8243; anchor=\u00bbinici\u00bb][vc_column][vc_column_text]<\/p>\r\n<h1>DECLARACI\u00d3N DE ACCESIBILIDAD<\/h1>\r\n<p>[\/vc_column_text][vc_empty_space height=\u00bb75&#8243;][vc_column_text]<\/p>\r\n<div class=\"cmsms_text\">\u00a0<\/div>\r\n<p>BRASA VINS I COPES S.L. se ha comprometido a hacer accesible su sitio web, conforme al Real Decreto 1112\/2018, de 7 de septiembre, sobre accesibilidad de los sitios web y aplicaciones para dispositivos m\u00f3viles del sector p\u00fablico.<\/p>\r\n<p>&nbsp;<\/p>\r\n<p>Esta declaraci\u00f3n de accesibilidad se aplica en el sitio web https:\/\/www.carbovic.cat:<\/p>\r\n<p>&nbsp;<\/p>\r\n<div class=\"vc_empty_space\">[vc_empty_space height=\u00bb50px\u00bb]<\/div>\r\n<h2 class=\"wp-block-heading\">SITUACI\u00d3N DE CUMPLIMIENTO<\/h2>\r\n<div class=\"separator small left \">[vc_separator type=\u00bbsmall\u00bb position=\u00bbleft\u00bb up=\u00bb15&#8243; down=\u00bb40&#8243; color=\u00bb#000000&#8243; transparency=\u00bb1&#8243; thickness=\u00bb2&#8243; width=\u00bb100&#8243;]<\/div>\r\n<p>Este sitio web cumple con el RD 1112\/2018.<\/p>\r\n<p>&nbsp;<\/p>\r\n<div class=\"vc_empty_space\">[vc_empty_space height=\u00bb50px\u00bb]<\/div>\r\n<h2>PREPARACI\u00d3N DE LA PRESENTE DECLARACI\u00d3N DE ACCESIBILIDAD<\/h2>\r\n<div class=\"separator small left \">[vc_separator type=\u00bbsmall\u00bb position=\u00bbleft\u00bb up=\u00bb15&#8243; down=\u00bb40&#8243; color=\u00bb#000000&#8243; transparency=\u00bb1&#8243; thickness=\u00bb2&#8243; width=\u00bb100&#8243;]<\/div>\r\n<p>Esta declaraci\u00f3n fue preparada el 19 de diciembre de 2023.<\/p>\r\n<p>&nbsp;<\/p>\r\n<p>El m\u00e9todo empleado para preparar la declaraci\u00f3n ha sido una autoevaluaci\u00f3n llevada a cabo por BRASA VINS I COPES S.L.<\/p>\r\n<p>&nbsp;<\/p>\r\n<div class=\"vc_empty_space\">[vc_empty_space height=\u00bb50px\u00bb]<\/div>\r\n<h2>OBSERVACIONES Y DATOS DE CONTACTO<\/h2>\r\n<div class=\"separator small left \">[vc_separator type=\u00bbsmall\u00bb position=\u00bbleft\u00bb up=\u00bb15&#8243; down=\u00bb40&#8243; color=\u00bb#000000&#8243; transparency=\u00bb1&#8243; thickness=\u00bb2&#8243; width=\u00bb100&#8243;]<\/div>\r\n<p>Puede realizar comunicaciones sobre requisitos de accesibilidad (art\u00edculo 10.2.a del RD 1112\/2018) como:<\/p>\r\n<p>&nbsp;<\/p>\r\n<ul>\r\n<li style=\"list-style-type: none;\">\r\n<ul>\r\n<li style=\"list-style-type: none;\">\r\n<ul>\r\n<li>Informar sobre cualquier posible incumplimiento por parte de este sitio web.<\/li>\r\n<li>Transmitir otras dificultades de acceso al contenido.<\/li>\r\n<li>Formular cualquier otra consulta o sugerencia de mejora relativa a la accesibilidad del sitio web.<\/li>\r\n<\/ul>\r\n<\/li>\r\n<\/ul>\r\n<\/li>\r\n<\/ul>\r\n<p>&nbsp;<\/p>\r\n<p>a trav\u00e9s del <a href=\"\/es\/contacto\"><strong>formulario de contacto<\/strong><\/a> de este sitio web o mediante el n\u00famero de tel\u00e9fono (+34) 686 990 299.<\/p>\r\n<p>&nbsp;<\/p>\r\n<p>Las quejas y reclamaciones sobre informaci\u00f3n accesible se realizar\u00e1n a trav\u00e9s de este formulario y ser\u00e1n recibidas y tratadas por BRASA VINS I COPES S.L.<\/p>\r\n<p>&nbsp;<\/p>\r\n<div class=\"vc_empty_space\">[vc_empty_space height=\u00bb50px\u00bb]<\/div>\r\n<h2>PROCEDIMIENTO DE APLICACI\u00d3N<\/h2>\r\n<div class=\"separator small left \">[vc_separator type=\u00bbsmall\u00bb position=\u00bbleft\u00bb up=\u00bb15&#8243; down=\u00bb40&#8243; color=\u00bb#000000&#8243; transparency=\u00bb1&#8243; thickness=\u00bb2&#8243; width=\u00bb100&#8243;]<\/div>\r\n<p>Si una vez hecha una solicitud de informaci\u00f3n accesible o queja, esta ha sido desestimada, no se estuviera de acuerdo con la decisi\u00f3n adoptada, o la respuesta no cumpliera los requisitos previstos en el art\u00edculo 12.5, la persona interesada puede iniciar una reclamaci\u00f3n. Igualmente, podr\u00e1 iniciarse una reclamaci\u00f3n en caso de que haya transcurrido el plazo de veinte d\u00edas h\u00e1biles sin haber obtenido respuesta.<\/p>\r\n<p>&nbsp;<\/p>\r\n<p>La reclamaci\u00f3n puede ser presentada a trav\u00e9s de administracio@carbovic.cat as\u00ed como al resto de opciones recogidas en la Ley 39\/2015, de 1 de octubre, del Procedimiento Administrativo Com\u00fan de las administraciones p\u00fablicas.<\/p>\r\n<p>&nbsp;<\/p>\r\n<p>Las reclamaciones ser\u00e1n recibidas y tratadas por BRASA VINS I COPES S.L.<\/p>\r\n<p>&nbsp;<\/p>\r\n<div class=\"vc_empty_space\">[vc_empty_space height=\u00bb50px\u00bb]<\/div>\r\n<h2>CONTENIDO OPCIONAL<\/h2>\r\n<div class=\"separator small left \">[vc_separator type=\u00bbsmall\u00bb position=\u00bbleft\u00bb up=\u00bb15&#8243; down=\u00bb40&#8243; color=\u00bb#000000&#8243; transparency=\u00bb1&#8243; thickness=\u00bb2&#8243; width=\u00bb100&#8243;]<\/div>\r\n<p>Este portal est\u00e1 dise\u00f1ado para cambiar el tama\u00f1o del texto y el color, as\u00ed como el fondo de la p\u00e1gina mediante las opciones de configuraci\u00f3n est\u00e1ndar de los navegadores.<\/p>\r\n<p>&nbsp;<\/p>\r\n<p>Si desea cambiar el tama\u00f1o de letra del texto en los principales navegadores gr\u00e1ficos utilice los siguientes men\u00fas:<\/p>\r\n<p>&nbsp;<\/p>\r\n<ul>\r\n<li style=\"list-style-type: none;\">\r\n<ul>\r\n<li style=\"list-style-type: none;\">\r\n<ul>\r\n<li>Internet Explorer, Mozilla y Firefox: Ver &gt; Tama\u00f1o del texto<\/li>\r\n<li>Opera: Ver &gt; Zoom<\/li>\r\n<li>Safari: Ver &gt; Hacer el texto m\u00e1s grande<\/li>\r\n<li>Chrome: Controla la p\u00e1gina actual &gt; Tama\u00f1o del texto<\/li>\r\n<li>Para modificar el tama\u00f1o de todo en la p\u00e1gina:\r\n<ul>\r\n<li style=\"list-style-type: none;\">\r\n<ul>\r\n<li>Ctrl++ para aumentarlo<\/li>\r\n<li>Ctrl + \u2013 para disminuirlo<\/li>\r\n<li>Ctrl + 0 restaura el tama\u00f1o original del texto<\/li>\r\n<li>Si lo que desea es anular la hoja de estilos o modificar el color del texto, puede consultar la p\u00e1gina How to Change Text Size or Colores de la WAI, que se puede leer traducido al espa\u00f1ol en C\u00f3mo cambiar el tama\u00f1o del texto o colores?<\/li>\r\n<\/ul>\r\n<\/li>\r\n<\/ul>\r\n<\/li>\r\n<\/ul>\r\n<\/li>\r\n<\/ul>\r\n<\/li>\r\n<\/ul>\r\n<p>[\/vc_column_text][\/vc_column][\/vc_row]<\/p><\/div>","protected":false},"excerpt":{"rendered":"<p>[vc_row css_animation=\u00bb\u00bb row_type=\u00bbrow\u00bb use_row_as_full_screen_section=\u00bbno\u00bb type=\u00bbfull_width\u00bb angled_section=\u00bbno\u00bb text_align=\u00bbleft\u00bb background_image_as_pattern=\u00bbwithout_pattern\u00bb z_index=\u00bb\u00bb][vc_column][vc_single_image image=\u00bb260&#8243; img_size=\u00bbfull\u00bb qode_css_animation=\u00bb\u00bb][\/vc_column][\/vc_row][vc_row css_animation=\u00bb\u00bb row_type=\u00bbrow\u00bb use_row_as_full_screen_section=\u00bbno\u00bb type=\u00bbgrid\u00bb angled_section=\u00bbno\u00bb text_align=\u00bbleft\u00bb background_image_as_pattern=\u00bbwithout_pattern\u00bb z_index=\u00bb\u00bb padding_top=\u00bb30&#8243;][vc_column][vc_column_text] Inicio \/\/ Declaraci\u00f3n de accesibilidad [\/vc_column_text][\/vc_column][\/vc_row][vc_row css_animation=\u00bb\u00bb row_type=\u00bbrow\u00bb use_row_as_full_screen_section=\u00bbno\u00bb type=\u00bbgrid\u00bb angled_section=\u00bbno\u00bb text_align=\u00bbleft\u00bb background_image_as_pattern=\u00bbwithout_pattern\u00bb z_index=\u00bb\u00bb padding_top=\u00bb75&#8243; padding_bottom=\u00bb75&#8243; anchor=\u00bbinici\u00bb][vc_column][vc_column_text] DECLARACI\u00d3N DE ACCESIBILIDAD [\/vc_column_text][vc_empty_space height=\u00bb75&#8243;][vc_column_text] \u00a0 BRASA&hellip; <a class=\"continue\" href=\"https:\/\/www.carbovic.cat\/es\/inicio\/declaracion-de-accesibilidad\/\">CONTINUAR >><span> DECLARACI\u00d3N DE ACCESIBILIDAD<\/span><\/a><\/p>\n","protected":false},"author":1,"featured_media":0,"parent":708,"menu_order":0,"comment_status":"closed","ping_status":"open","template":"full_width.php","meta":{"_joinchat":[],"footnotes":""},"class_list":["post-821","page","type-page","status-publish","hentry"],"_links":{"self":[{"href":"https:\/\/www.carbovic.cat\/es\/wp-json\/wp\/v2\/pages\/821","targetHints":{"allow":["GET"]}}],"collection":[{"href":"https:\/\/www.carbovic.cat\/es\/wp-json\/wp\/v2\/pages"}],"about":[{"href":"https:\/\/www.carbovic.cat\/es\/wp-json\/wp\/v2\/types\/page"}],"author":[{"embeddable":true,"href":"https:\/\/www.carbovic.cat\/es\/wp-json\/wp\/v2\/users\/1"}],"replies":[{"embeddable":true,"href":"https:\/\/www.carbovic.cat\/es\/wp-json\/wp\/v2\/comments?post=821"}],"version-history":[{"count":2,"href":"https:\/\/www.carbovic.cat\/es\/wp-json\/wp\/v2\/pages\/821\/revisions"}],"predecessor-version":[{"id":855,"href":"https:\/\/www.carbovic.cat\/es\/wp-json\/wp\/v2\/pages\/821\/revisions\/855"}],"up":[{"embeddable":true,"href":"https:\/\/www.carbovic.cat\/es\/wp-json\/wp\/v2\/pages\/708"}],"wp:attachment":[{"href":"https:\/\/www.carbovic.cat\/es\/wp-json\/wp\/v2\/media?parent=821"}],"curies":[{"name":"wp","href":"https:\/\/api.w.org\/{rel}","templated":true}]}}