{"id":810,"date":"2018-04-02T13:25:40","date_gmt":"2018-04-02T11:25:40","guid":{"rendered":"https:\/\/www.carbovic.cat\/?page_id=810"},"modified":"2025-05-26T10:28:57","modified_gmt":"2025-05-26T08:28:57","slug":"contacto","status":"publish","type":"page","link":"https:\/\/www.carbovic.cat\/es\/contacto\/","title":{"rendered":"CONTACTO"},"content":{"rendered":"<div class=\"wpb-content-wrapper\"><p>[vc_row css_animation=\u00bb\u00bb row_type=\u00bbrow\u00bb use_row_as_full_screen_section=\u00bbno\u00bb type=\u00bbfull_width\u00bb angled_section=\u00bbno\u00bb text_align=\u00bbleft\u00bb background_image_as_pattern=\u00bbwithout_pattern\u00bb z_index=\u00bb\u00bb][vc_column][vc_single_image image=\u00bb293&#8243; img_size=\u00bbfull\u00bb alignment=\u00bbcenter\u00bb qode_css_animation=\u00bb\u00bb][\/vc_column][\/vc_row][vc_row css_animation=\u00bb\u00bb row_type=\u00bbrow\u00bb use_row_as_full_screen_section=\u00bbno\u00bb type=\u00bbgrid\u00bb angled_section=\u00bbno\u00bb text_align=\u00bbleft\u00bb background_image_as_pattern=\u00bbwithout_pattern\u00bb z_index=\u00bb\u00bb padding_top=\u00bb30&#8243;][vc_column][vc_column_text]<\/p>\n<p style=\"text-align: right;\"><a href=\"\/es\">Inicio<\/a> \/\/ Contacto<\/p>\n<p>[\/vc_column_text][\/vc_column][\/vc_row][vc_row css_animation=\u00bb\u00bb row_type=\u00bbrow\u00bb use_row_as_full_screen_section=\u00bbno\u00bb type=\u00bbgrid\u00bb angled_section=\u00bbno\u00bb text_align=\u00bbleft\u00bb background_image_as_pattern=\u00bbwithout_pattern\u00bb z_index=\u00bb\u00bb padding_top=\u00bb50&#8243; anchor=\u00bbinici\u00bb][vc_column][vc_column_text]<\/p>\n<h1 style=\"text-align: left;\">LLAMA PARA RESERVAR<br \/>\n<span style=\"color: #9e2915;\">93 832 44 34<\/span><\/h1>\n<p>[\/vc_column_text][\/vc_column][\/vc_row][vc_row css_animation=\u00bb\u00bb row_type=\u00bbrow\u00bb use_row_as_full_screen_section=\u00bbno\u00bb type=\u00bbgrid\u00bb angled_section=\u00bbno\u00bb text_align=\u00bbleft\u00bb background_image_as_pattern=\u00bbwithout_pattern\u00bb css=\u00bb.vc_custom_1701328157001{padding-top: 67px !important;padding-bottom: 85px !important;}\u00bb z_index=\u00bb\u00bb padding_top=\u00bb75&#8243; padding_bottom=\u00bb25&#8243;][vc_column width=\u00bb1\/2&#8243;][vc_empty_space height=\u00bb25&#8243;][vc_column_text]Si quieres hacer una reserva con tiempo, tambi\u00e9n puedes enviarnos una petici\u00f3n a trav\u00e9s del formulario de contacto. <strong>Para dar por confirmada tu reserva, espera a que te contestemos<\/strong>.[\/vc_column_text][vc_empty_space height=\u00bb35px\u00bb]\n<div class=\"wpcf7 no-js\" id=\"wpcf7-f813-o1\" lang=\"en-US\" dir=\"ltr\" data-wpcf7-id=\"813\">\n<div class=\"screen-reader-response\"><p role=\"status\" aria-live=\"polite\" aria-atomic=\"true\"><\/p> <ul><\/ul><\/div>\n<form action=\"\/es\/wp-json\/wp\/v2\/pages\/810#wpcf7-f813-o1\" method=\"post\" class=\"wpcf7-form init cf7_custom_style_1\" aria-label=\"Contact form\" novalidate=\"novalidate\" data-status=\"init\">\n<fieldset class=\"hidden-fields-container\"><input type=\"hidden\" name=\"_wpcf7\" value=\"813\" \/><input type=\"hidden\" name=\"_wpcf7_version\" value=\"6.1.5\" \/><input type=\"hidden\" name=\"_wpcf7_locale\" value=\"en_US\" \/><input type=\"hidden\" name=\"_wpcf7_unit_tag\" value=\"wpcf7-f813-o1\" \/><input type=\"hidden\" name=\"_wpcf7_container_post\" value=\"0\" \/><input type=\"hidden\" name=\"_wpcf7_posted_data_hash\" value=\"\" \/><input type=\"hidden\" name=\"_wpcf7_recaptcha_response\" value=\"\" \/>\n<\/fieldset>\n<h3>DATOS DE CONTACTO\n<\/h3>\n<p>&nbsp;\n<\/p>\n<div class=\"two_columns_50_50 clearfix\">\n\t<div class=\"column1\">\n\t\t<div class=\"column_inner\">\n\t\t\t<p><label> Nombre y apellidos (necesario) <span class=\"wpcf7-form-control-wrap\" data-name=\"your-nom\"><input size=\"40\" maxlength=\"400\" class=\"wpcf7-form-control wpcf7-text wpcf7-validates-as-required\" aria-required=\"true\" aria-invalid=\"false\" placeholder=\"Nombre y apellidos\" value=\"\" type=\"text\" name=\"your-nom\" \/><\/span><\/label><label> Tel\u00e9fono (necesario) <span class=\"wpcf7-form-control-wrap\" data-name=\"your-phone\"><input size=\"40\" maxlength=\"400\" class=\"wpcf7-form-control wpcf7-text wpcf7-validates-as-required\" aria-required=\"true\" aria-invalid=\"false\" placeholder=\"Tel\u00e9fono\" value=\"\" type=\"text\" name=\"your-phone\" \/><\/span><\/label>\n\t\t\t<\/p>\n\t\t<\/div>\n\t<\/div>\n\t<div class=\"column2\">\n\t\t<div class=\"column_inner\">\n\t\t\t<p><label> Correo electr\u00f3nico <span class=\"wpcf7-form-control-wrap\" data-name=\"your-email\"><input size=\"40\" maxlength=\"400\" class=\"wpcf7-form-control wpcf7-text\" aria-invalid=\"false\" placeholder=\"Correo electr\u00f3nico\" value=\"\" type=\"text\" name=\"your-email\" \/><\/span><\/label><label> Empresa <span class=\"wpcf7-form-control-wrap\" data-name=\"your-empresa\"><input size=\"40\" maxlength=\"400\" class=\"wpcf7-form-control wpcf7-text\" aria-invalid=\"false\" placeholder=\"Empresa\" value=\"\" type=\"text\" name=\"your-empresa\" \/><\/span><\/label>\n\t\t\t<\/p>\n\t\t<\/div>\n\t<\/div>\n<\/div>\n<div>\n\t<p><label> Mensaje, observaciones, comentarios...<span class=\"wpcf7-form-control-wrap\" data-name=\"your-message\"><textarea cols=\"40\" rows=\"10\" maxlength=\"2000\" class=\"wpcf7-form-control wpcf7-textarea wpcf7-validates-as-required\" aria-required=\"true\" aria-invalid=\"false\" placeholder=\"Escribe tu mensaje, observaciones, comentarios...\" name=\"your-message\"><\/textarea><\/span><\/label>\n\t<\/p>\n<\/div>\n<p>&nbsp;\n<\/p>\n<h3>DATOS DE LA PETICI\u00d3N DE RESERVA (OPCIONAL)\n<\/h3>\n<p><strong>IMPORTANTE: basta con rellenar esta secci\u00f3n si se trata de una petici\u00f3n de reserva de mesa. La reserva no estar\u00e1 confirmada hasta que nos ponemos en contacto con usted y se la confirmamos.<\/strong>\n<\/p>\n<p>&nbsp;\n<\/p>\n<div class=\"two_columns_50_50 clearfix\">\n\t<div class=\"column1\">\n\t\t<div class=\"column_inner\">\n\t\t\t<p><label> Fecha de la reserva <span class=\"wpcf7-form-control-wrap\" data-name=\"your-data\"><input class=\"wpcf7-form-control wpcf7-date wpcf7-validates-as-date\" aria-invalid=\"false\" value=\"\" type=\"date\" name=\"your-data\" \/><\/span><\/label><label> Hora <span class=\"wpcf7-form-control-wrap\" data-name=\"your-hora\"><select class=\"wpcf7-form-control wpcf7-select\" aria-invalid=\"false\" name=\"your-hora\"><option value=\"-- Escoje una opci\u00f3n --\">-- Escoje una opci\u00f3n --<\/option><option value=\"13.00 h.\">13.00 h.<\/option><option value=\"13.15 h.\">13.15 h.<\/option><option value=\"13.30 h.\">13.30 h.<\/option><option value=\"13.45 h.\">13.45 h.<\/option><option value=\"14.00 h.\">14.00 h.<\/option><option value=\"14.15 h.\">14.15 h.<\/option><option value=\"14.30 h.\">14.30 h.<\/option><option value=\"14.45 h.\">14.45 h.<\/option><option value=\"15.00 h.\">15.00 h.<\/option><option value=\"15.15 h.\">15.15 h.<\/option><option value=\"15.30 h.\">15.30 h.<\/option><option value=\"20.00 h.\">20.00 h.<\/option><option value=\"20.15 h.\">20.15 h.<\/option><option value=\"20.30 h.\">20.30 h.<\/option><option value=\"20.45 h.\">20.45 h.<\/option><option value=\"21.00 h.\">21.00 h.<\/option><option value=\"21.15 h.\">21.15 h.<\/option><option value=\"21.30 h.\">21.30 h.<\/option><option value=\"21.45 h.\">21.45 h.<\/option><option value=\"22.00 h.\">22.00 h.<\/option><option value=\"22.15 h.\">22.15 h.<\/option><option value=\"22.30 h.\">22.30 h.<\/option><\/select><\/span><\/label>\n\t\t\t<\/p>\n\t\t<\/div>\n\t<\/div>\n\t<div class=\"column2\">\n\t\t<div class=\"column_inner\">\n\t\t\t<p><label> N\u00famero de adultos <span class=\"wpcf7-form-control-wrap\" data-name=\"your-adults\"><input size=\"40\" maxlength=\"400\" class=\"wpcf7-form-control wpcf7-text\" aria-invalid=\"false\" value=\"\" type=\"text\" name=\"your-adults\" \/><\/span><\/label><label> N\u00famero de ni\u00f1os <span class=\"wpcf7-form-control-wrap\" data-name=\"your-infants\"><input size=\"40\" maxlength=\"400\" class=\"wpcf7-form-control wpcf7-text\" aria-invalid=\"false\" value=\"\" type=\"text\" name=\"your-infants\" \/><\/span><\/label>\n\t\t\t<\/p>\n\t\t<\/div>\n\t<\/div>\n<\/div>\n<p>&nbsp;\n<\/p>\n<p><small><span class=\"wpcf7-form-control-wrap\" data-name=\"aceptacio\"><span class=\"wpcf7-form-control wpcf7-radio\"><span class=\"wpcf7-list-item first\"><label><input type=\"radio\" name=\"aceptacio\" value=\"He le\u00eddo y acepto recibir publicidad o informaci\u00f3n promocional del CARB\u00d3.\" \/><span class=\"wpcf7-list-item-label\">He le\u00eddo y acepto recibir publicidad o informaci\u00f3n promocional del CARB\u00d3.<\/span><\/label><\/span><span class=\"wpcf7-list-item last\"><label><input type=\"radio\" name=\"aceptacio\" value=\"He le\u00eddo y NO acepto recibir publicidad o informaci\u00f3n promocional del CARB\u00d3.\" \/><span class=\"wpcf7-list-item-label\">He le\u00eddo y NO acepto recibir publicidad o informaci\u00f3n promocional del CARB\u00d3.<\/span><\/label><\/span><\/span><\/span><\/small>\n<\/p>\n<p>&nbsp;\n<\/p>\n<div style=\"text-align:center\">\n\t<p><input class=\"wpcf7-form-control wpcf7-submit has-spinner\" type=\"submit\" value=\"ENVIAR\" \/>\n\t<\/p>\n<\/div><div class=\"wpcf7-response-output\" aria-hidden=\"true\"><\/div>\n<\/form>\n<\/div>\n[vc_empty_space height=\u00bb50&#8243;][\/vc_column][vc_column width=\u00bb1\/2&#8243;][qode_elements_holder background_color=\u00bb#f9f9f9&#8243; number_of_columns=\u00bbone_column\u00bb][qode_elements_holder_item advanced_animations=\u00bbno\u00bb item_padding=\u00bb25px 25px 25px 25px\u00bb][vc_single_image image=\u00bb242&#8243; img_size=\u00bbfull\u00bb qode_css_animation=\u00bb\u00bb][vc_empty_space height=\u00bb75&#8243;][vc_column_text]<strong>R<\/strong><strong>estaurant-Braseria Carb\u00f3<\/strong><br \/>\nCalle Dues Soles 8<br \/>\nCentro hist\u00f3rico de Vic<\/p>\n<p>&nbsp;<\/p>\n<p><span data-type=\"normal\" data-hover-icon-color=\"#000000\" class=\"qode_icon_shortcode  q_font_awsome_icon fa-lg  \" style=\" \"><i class=\"qode_icon_font_awesome fa fa-phone qode_icon_element\" style=\"font-size: 20px;color: #000000;\" ><\/i><\/span> 93 832 44 34<\/p>\n<p><span data-type=\"normal\" data-hover-icon-color=\"#000000\" class=\"qode_icon_shortcode  q_font_awsome_icon fa-lg  \" style=\" \"><i class=\"qode_icon_font_awesome fa fa-whatsapp qode_icon_element\" style=\"font-size: 20px;color: #000000;\" ><\/i><\/span> 686 990 299<\/p>\n<p>&nbsp;<\/p>\n<p><strong>Horario<br \/>\n<\/strong>De mi\u00e9rcoles a domingo comidas.<br \/>\nDe jueves a s\u00e1bado cenas.<\/p>\n<p>&nbsp;<\/p>\n<p><strong>Take Away<\/strong><br \/>\nTambi\u00e9n puede disfrutar de los platos para llevar del Carb\u00f3n a su casa con el servicio de Take Away. Consulte la carta en esta misma web.[\/vc_column_text][vc_empty_space height=\u00bb75&#8243;][vc_raw_html]JTNDZGl2JTIwY2xhc3MlM0QlMjJnb29nbGUtbWFwcyUyMiUzRSUzQ2lmcmFtZSUyMHNyYyUzRCUyMmh0dHBzJTNBJTJGJTJGd3d3Lmdvb2dsZS5jb20lMkZtYXBzJTJGZW1iZWQlM0ZwYiUzRCUyMTFtMTglMjExbTEyJTIxMW0zJTIxMWQyOTY4LjMwMDc2NTMyMDM5NjMlMjEyZDIuMjU1NjYxMDc2MDg3MjA2NyUyMTNkNDEuOTI5Mzg4MDcxMjM2MTglMjEybTMlMjExZjAlMjEyZjAlMjEzZjAlMjEzbTIlMjExaTEwMjQlMjEyaTc2OCUyMTRmMTMuMSUyMTNtMyUyMTFtMiUyMTFzMHgxMmE1MjdlMDRkNWUzYWExJTI1M0EweDk2ZDBkYzM2YmQ2ZmNlOTklMjEyc0NhcmIlMjVDMyUyNUIzJTI1MjBCcmFzYSUyNTIwVmlucyUyNTIwaSUyNTIwQ29wZXMlMjE1ZTAlMjEzbTIlMjExc2NhJTIxMnNlcyUyMTR2MTcwMTMyNzMxMzQyOCUyMTVtMiUyMTFzY2ElMjEyc2VzJTIyJTIwd2lkdGglM0QlMjI2MDAlMjIlMjBoZWlnaHQlM0QlMjI0NTAlMjIlMjBzdHlsZSUzRCUyMmJvcmRlciUzQTAlM0IlMjIlMjBhbGxvd2Z1bGxzY3JlZW4lM0QlMjIlMjIlMjBsb2FkaW5nJTNEJTIybGF6eSUyMiUyMHJlZmVycmVycG9saWN5JTNEJTIybm8tcmVmZXJyZXItd2hlbi1kb3duZ3JhZGUlMjIlM0UlM0MlMkZpZnJhbWUlM0UlM0MlMkZkaXYlM0U=[\/vc_raw_html][\/qode_elements_holder_item][\/qode_elements_holder][\/vc_column][\/vc_row][vc_row css_animation=\u00bb\u00bb row_type=\u00bbrow\u00bb use_row_as_full_screen_section=\u00bbno\u00bb type=\u00bbfull_width\u00bb angled_section=\u00bbno\u00bb text_align=\u00bbleft\u00bb background_image_as_pattern=\u00bbwithout_pattern\u00bb z_index=\u00bb\u00bb padding_top=\u00bb0&#8243; padding_bottom=\u00bb0&#8243;][vc_column][vc_separator type=\u00bbnormal\u00bb color=\u00bb#0a0a0a\u00bb thickness=\u00bb1&#8243;][\/vc_column][\/vc_row][vc_row css_animation=\u00bb\u00bb row_type=\u00bbrow\u00bb use_row_as_full_screen_section=\u00bbno\u00bb type=\u00bbgrid\u00bb angled_section=\u00bbno\u00bb text_align=\u00bbleft\u00bb background_image_as_pattern=\u00bbwithout_pattern\u00bb css=\u00bb.vc_custom_1701340016846{margin-top: -10px !important;background-color: #f9f9f9 !important;}\u00bb z_index=\u00bb\u00bb padding_top=\u00bb75&#8243; padding_bottom=\u00bb75&#8243;][vc_column][vc_column_text]<\/p>\n<h3>PROTECCI\u00d3N DE DATOS<\/h3>\n<p>[\/vc_column_text][vc_empty_space height=\u00bb50&#8243;][vc_row_inner row_type=\u00bbrow\u00bb type=\u00bbfull_width\u00bb text_align=\u00bbleft\u00bb css_animation=\u00bb\u00bb][vc_column_inner width=\u00bb1\/2&#8243;][vc_column_text]De conformidad con lo que establece la normativa vigente en Protecci\u00f3n de Datos de Car\u00e1cter Personal, le informamos que sus datos ser\u00e1n incorporados al sistema de tratamiento titularidad de BRASA VINS I COPES S.L. con NIF B61375382 y domicilio social situado en C\/ DUES\u00a0SOLES, 8 \u2013 08500 VIC (BARCELONA), con el fin de atender sus consultas y remitirle comunicaciones comerciales que puedan ser de su inter\u00e9s. En cumplimiento de la normativa vigente, BRASA VINS I COPES S.L. informa que los datos ser\u00e1n conservados durante el plazo estrictamente necesario para cumplir con los preceptos mencionados anteriormente.<\/p>\n<p>&nbsp;<\/p>\n<p>Le informamos que trataremos sus datos de acuerdo con la existencia de su consentimiento.<\/p>\n<p>&nbsp;<\/p>\n<p>BRASA VINS I COPES S.L. informa que proceder\u00e1 a tratar los datos de forma l\u00edcita, leal, transparente, adecuada, pertinente, limitada, exacta y actualizada. Es por eso que BRASA VINS I COPES S.L. se compromete a adoptar todas las medidas razonables para que estos se supriman o rectifiquen sin dilaci\u00f3n cuando sean inexactas.[\/vc_column_text][\/vc_column_inner][vc_column_inner width=\u00bb1\/2&#8243;][vc_column_text]De acuerdo con los derechos que le confiere la normativa vigente en protecci\u00f3n de datos, podr\u00e1 ejercer los derechos de acceso, rectificaci\u00f3n, limitaci\u00f3n de tratamiento, supresi\u00f3n, portabilidad y oposici\u00f3n al tratamiento de sus datos de car\u00e1cter personal, as\u00ed como del consentimiento prestado por al tratamiento de estos, dirigiendo su petici\u00f3n a la direcci\u00f3n postal arriba indicada o al correo electr\u00f3nico administracio@carbovic.cat.<\/p>\n<p>&nbsp;<\/p>\n<p>Asimismo, y de acuerdo con lo que establece la Ley 34\/2002, de 11 de julio, de Servicios de la Sociedad de la Informaci\u00f3n y de Comercio Electr\u00f3nico, en el art\u00edculo 21, solicitamos tambi\u00e9n su consentimiento expreso para enviarle publicidad de nuestros productos o promociones que consideremos puedan ser de su inter\u00e9s, por correo electr\u00f3nico o por cualquier otro medio de comunicaci\u00f3n electr\u00f3nica equivalente.<\/p>\n<p>&nbsp;<\/p>\n<p>Le informamos que podr\u00e1 revocar en cualquier momento el consentimiento prestado en la recepci\u00f3n de comunicaciones comerciales enviando un correo electr\u00f3nico a la direcci\u00f3n de correo electr\u00f3nico: administracio@carbovic.cat. Podr\u00e1 dirigirse a la Autoridad de Control competente para presentar la reclamaci\u00f3n que considere oportuna.[\/vc_column_text][\/vc_column_inner][\/vc_row_inner][\/vc_column][\/vc_row]<\/p>\n<\/div>","protected":false},"excerpt":{"rendered":"<p>[vc_row css_animation=\u00bb\u00bb row_type=\u00bbrow\u00bb use_row_as_full_screen_section=\u00bbno\u00bb type=\u00bbfull_width\u00bb angled_section=\u00bbno\u00bb text_align=\u00bbleft\u00bb background_image_as_pattern=\u00bbwithout_pattern\u00bb z_index=\u00bb\u00bb][vc_column][vc_single_image image=\u00bb293&#8243; img_size=\u00bbfull\u00bb alignment=\u00bbcenter\u00bb qode_css_animation=\u00bb\u00bb][\/vc_column][\/vc_row][vc_row css_animation=\u00bb\u00bb row_type=\u00bbrow\u00bb use_row_as_full_screen_section=\u00bbno\u00bb type=\u00bbgrid\u00bb angled_section=\u00bbno\u00bb text_align=\u00bbleft\u00bb background_image_as_pattern=\u00bbwithout_pattern\u00bb z_index=\u00bb\u00bb padding_top=\u00bb30&#8243;][vc_column][vc_column_text] Inicio \/\/ Contacto [\/vc_column_text][\/vc_column][\/vc_row][vc_row css_animation=\u00bb\u00bb row_type=\u00bbrow\u00bb use_row_as_full_screen_section=\u00bbno\u00bb type=\u00bbgrid\u00bb angled_section=\u00bbno\u00bb text_align=\u00bbleft\u00bb background_image_as_pattern=\u00bbwithout_pattern\u00bb z_index=\u00bb\u00bb padding_top=\u00bb50&#8243; anchor=\u00bbinici\u00bb][vc_column][vc_column_text] LLAMA PARA RESERVAR 93 832 44 34 [\/vc_column_text][\/vc_column][\/vc_row][vc_row css_animation=\u00bb\u00bb&hellip; <a class=\"continue\" href=\"https:\/\/www.carbovic.cat\/es\/contacto\/\">CONTINUAR >><span> CONTACTO<\/span><\/a><\/p>\n","protected":false},"author":1,"featured_media":0,"parent":0,"menu_order":0,"comment_status":"closed","ping_status":"closed","template":"full_width.php","meta":{"_joinchat":[],"footnotes":""},"class_list":["post-810","page","type-page","status-publish","hentry"],"_links":{"self":[{"href":"https:\/\/www.carbovic.cat\/es\/wp-json\/wp\/v2\/pages\/810","targetHints":{"allow":["GET"]}}],"collection":[{"href":"https:\/\/www.carbovic.cat\/es\/wp-json\/wp\/v2\/pages"}],"about":[{"href":"https:\/\/www.carbovic.cat\/es\/wp-json\/wp\/v2\/types\/page"}],"author":[{"embeddable":true,"href":"https:\/\/www.carbovic.cat\/es\/wp-json\/wp\/v2\/users\/1"}],"replies":[{"embeddable":true,"href":"https:\/\/www.carbovic.cat\/es\/wp-json\/wp\/v2\/comments?post=810"}],"version-history":[{"count":5,"href":"https:\/\/www.carbovic.cat\/es\/wp-json\/wp\/v2\/pages\/810\/revisions"}],"predecessor-version":[{"id":1007,"href":"https:\/\/www.carbovic.cat\/es\/wp-json\/wp\/v2\/pages\/810\/revisions\/1007"}],"wp:attachment":[{"href":"https:\/\/www.carbovic.cat\/es\/wp-json\/wp\/v2\/media?parent=810"}],"curies":[{"name":"wp","href":"https:\/\/api.w.org\/{rel}","templated":true}]}}