{"id":711,"date":"2023-12-12T20:34:40","date_gmt":"2023-12-12T18:34:40","guid":{"rendered":"https:\/\/www.carbovic.cat\/?page_id=711"},"modified":"2025-05-26T10:33:17","modified_gmt":"2025-05-26T08:33:17","slug":"el-equipo","status":"publish","type":"page","link":"https:\/\/www.carbovic.cat\/es\/el-equipo\/","title":{"rendered":"EL EQUIPO"},"content":{"rendered":"<div class=\"wpb-content-wrapper\"><p>[vc_row css_animation=\u00bb\u00bb row_type=\u00bbrow\u00bb use_row_as_full_screen_section=\u00bbno\u00bb type=\u00bbfull_width\u00bb angled_section=\u00bbno\u00bb text_align=\u00bbleft\u00bb background_image_as_pattern=\u00bbwithout_pattern\u00bb][vc_column][vc_single_image image=\u00bb663&#8243; img_size=\u00bbfull\u00bb alignment=\u00bbcenter\u00bb qode_css_animation=\u00bb\u00bb][\/vc_column][\/vc_row][vc_row css_animation=\u00bb\u00bb row_type=\u00bbrow\u00bb use_row_as_full_screen_section=\u00bbno\u00bb type=\u00bbgrid\u00bb angled_section=\u00bbno\u00bb text_align=\u00bbleft\u00bb background_image_as_pattern=\u00bbwithout_pattern\u00bb z_index=\u00bb\u00bb padding_top=\u00bb30&#8243;][vc_column][vc_column_text]<\/p>\n<p style=\"text-align: right;\"><a href=\"\/es\">Inicio<\/a> \/\/ El equipo<\/p>\n<p>[\/vc_column_text][\/vc_column][\/vc_row][vc_row css_animation=\u00bb\u00bb row_type=\u00bbrow\u00bb use_row_as_full_screen_section=\u00bbno\u00bb type=\u00bbgrid\u00bb angled_section=\u00bbno\u00bb text_align=\u00bbleft\u00bb background_image_as_pattern=\u00bbwithout_pattern\u00bb z_index=\u00bb\u00bb padding_top=\u00bb50&#8243; padding_bottom=\u00bb25&#8243; anchor=\u00bbinici\u00bb][vc_column][vc_column_text]<\/p>\n<h1>EL EQUIPO DEL CARB\u00d3<\/h1>\n<p>[\/vc_column_text][vc_column_text]<\/p>\n<p style=\"text-align: left; font-size: 24px; color: #000000; font-weight: 400; line-height: 1.5;\"><strong>JOVEN, PROFESIONAL Y CON MUCHO EMPUJE<\/strong><\/p>\n<p>[\/vc_column_text][vc_empty_space height=\u00bb75&#8243;][vc_row_inner row_type=\u00bbrow\u00bb type=\u00bbfull_width\u00bb text_align=\u00bbleft\u00bb css_animation=\u00bb\u00bb][vc_column_inner width=\u00bb1\/2&#8243;][qode_elements_holder number_of_columns=\u00bbone_column\u00bb][qode_elements_holder_item advanced_animations=\u00bbno\u00bb item_padding=\u00bb0px 25px 0px 0px\u00bb][vc_column_text]Un equipo joven, profesional y con mucho empuje os espera para poder guiarle a trav\u00e9s de nuestra carta para que pod\u00e1is hacer la mejor elecci\u00f3n y que viva al 100% la magia del Carb\u00f3.<\/p>\n<p>&nbsp;<\/p>\n<p>\u00a1D\u00e9jese aconsejar y deje algo pendiente para probar otra vez! No sufra que complementemos la carta con sugerencias de temporada y catas personalizadas de vinos y prometemos no dejar de sorprenderse.[\/vc_column_text][vc_empty_space height=\u00bb75&#8243;][vc_column_text]<\/p>\n<h2>\u00bfQu\u00e9 opinas?<\/h2>\n<p>[\/vc_column_text][vc_empty_space height=\u00bb25&#8243;][vc_column_text]Nos gusta nuestro trabajo, nos esforzamos cada d\u00eda por ser mejores y pensamos que nuestra pasi\u00f3n se transmite a cada servicio. Es por eso que si has venido, has disfrutado y te hemos servido bien, \u00a1nos gustar\u00eda saberlo! \u00a1A todos nos gusta que nos reconozcan el trabajo! Tambi\u00e9n sabemos que hay cosas que podemos mejorar y por eso tu opini\u00f3n nos importa y la tenemos muy en cuenta. \u00a1Gracias por adelantado![\/vc_column_text][vc_empty_space height=\u00bb50&#8243;]<a  itemprop=\"url\" href=\"https:\/\/g.page\/r\/CZnOb7023NCWEB0\/review\" target=\"_blank\"  class=\"qbutton  default\" style=\"\">D\u00c9JANOS UN COMENTARIO<\/a>[vc_empty_space height=\u00bb50&#8243;][\/qode_elements_holder_item][\/qode_elements_holder][\/vc_column_inner][vc_column_inner width=\u00bb1\/2&#8243;][vc_single_image image=\u00bb650&#8243; img_size=\u00bbfull\u00bb qode_css_animation=\u00bb\u00bb][vc_empty_space height=\u00bb50&#8243;][\/vc_column_inner][\/vc_row_inner][\/vc_column][\/vc_row]<\/p>\n<\/div>","protected":false},"excerpt":{"rendered":"<p>[vc_row css_animation=\u00bb\u00bb row_type=\u00bbrow\u00bb use_row_as_full_screen_section=\u00bbno\u00bb type=\u00bbfull_width\u00bb angled_section=\u00bbno\u00bb text_align=\u00bbleft\u00bb background_image_as_pattern=\u00bbwithout_pattern\u00bb][vc_column][vc_single_image image=\u00bb663&#8243; img_size=\u00bbfull\u00bb alignment=\u00bbcenter\u00bb qode_css_animation=\u00bb\u00bb][\/vc_column][\/vc_row][vc_row css_animation=\u00bb\u00bb row_type=\u00bbrow\u00bb use_row_as_full_screen_section=\u00bbno\u00bb type=\u00bbgrid\u00bb angled_section=\u00bbno\u00bb text_align=\u00bbleft\u00bb background_image_as_pattern=\u00bbwithout_pattern\u00bb z_index=\u00bb\u00bb padding_top=\u00bb30&#8243;][vc_column][vc_column_text] Inicio \/\/ El equipo [\/vc_column_text][\/vc_column][\/vc_row][vc_row css_animation=\u00bb\u00bb row_type=\u00bbrow\u00bb use_row_as_full_screen_section=\u00bbno\u00bb type=\u00bbgrid\u00bb angled_section=\u00bbno\u00bb text_align=\u00bbleft\u00bb background_image_as_pattern=\u00bbwithout_pattern\u00bb z_index=\u00bb\u00bb padding_top=\u00bb50&#8243; padding_bottom=\u00bb25&#8243; anchor=\u00bbinici\u00bb][vc_column][vc_column_text] EL EQUIPO DEL CARB\u00d3 [\/vc_column_text][vc_column_text] JOVEN, PROFESIONAL Y&hellip; <a class=\"continue\" href=\"https:\/\/www.carbovic.cat\/es\/el-equipo\/\">CONTINUAR >><span> EL EQUIPO<\/span><\/a><\/p>\n","protected":false},"author":1,"featured_media":0,"parent":0,"menu_order":0,"comment_status":"closed","ping_status":"closed","template":"full_width.php","meta":{"_joinchat":[],"footnotes":""},"class_list":["post-711","page","type-page","status-publish","hentry"],"_links":{"self":[{"href":"https:\/\/www.carbovic.cat\/es\/wp-json\/wp\/v2\/pages\/711","targetHints":{"allow":["GET"]}}],"collection":[{"href":"https:\/\/www.carbovic.cat\/es\/wp-json\/wp\/v2\/pages"}],"about":[{"href":"https:\/\/www.carbovic.cat\/es\/wp-json\/wp\/v2\/types\/page"}],"author":[{"embeddable":true,"href":"https:\/\/www.carbovic.cat\/es\/wp-json\/wp\/v2\/users\/1"}],"replies":[{"embeddable":true,"href":"https:\/\/www.carbovic.cat\/es\/wp-json\/wp\/v2\/comments?post=711"}],"version-history":[{"count":3,"href":"https:\/\/www.carbovic.cat\/es\/wp-json\/wp\/v2\/pages\/711\/revisions"}],"predecessor-version":[{"id":1013,"href":"https:\/\/www.carbovic.cat\/es\/wp-json\/wp\/v2\/pages\/711\/revisions\/1013"}],"wp:attachment":[{"href":"https:\/\/www.carbovic.cat\/es\/wp-json\/wp\/v2\/media?parent=711"}],"curies":[{"name":"wp","href":"https:\/\/api.w.org\/{rel}","templated":true}]}}