{"id":708,"date":"2018-04-02T08:12:05","date_gmt":"2018-04-02T06:12:05","guid":{"rendered":"https:\/\/www.carbovic.cat\/?page_id=708"},"modified":"2026-02-22T20:45:43","modified_gmt":"2026-02-22T18:45:43","slug":"inicio","status":"publish","type":"page","link":"https:\/\/www.carbovic.cat\/es\/","title":{"rendered":"INICIO"},"content":{"rendered":"<div class=\"wpb-content-wrapper\"><p>[vc_row css_animation=\u00bb\u00bb row_type=\u00bbrow\u00bb use_row_as_full_screen_section=\u00bbno\u00bb type=\u00bbgrid\u00bb angled_section=\u00bbno\u00bb text_align=\u00bbcenter\u00bb background_image_as_pattern=\u00bbwithout_pattern\u00bb z_index=\u00bb\u00bb background_image=\u00bb244&#8243;][vc_column offset=\u00bbvc_hidden-md vc_hidden-sm vc_hidden-xs\u00bb][vc_empty_space height=\u00bb50&#8243;][vc_single_image image=\u00bb249&#8243; img_size=\u00bb131&#215;200&#8243; alignment=\u00bbcenter\u00bb qode_css_animation=\u00bb\u00bb][vc_empty_space height=\u00bb25&#8243;][vc_column_text]<\/p>\n<p style=\"text-align: center;\"><span style=\"color: #ffffff;\"><strong>Bienvenidos a nuestro restaurante, el templo de la brasa donde la pasi\u00f3n por la cocina se convierte en un aut\u00e9ntico arte.<br \/>\nSomos un espacio que celebra la tradici\u00f3n de la brasa, t\u00e9cnica culinaria que transforma cada plato en una experiencia \u00fanica.<\/strong><\/span><\/p>\n<p>[\/vc_column_text][vc_empty_space height=\u00bb25&#8243;][vc_column_text]<\/p>\n<p style=\"text-align: center; font-size: 120px; color: #ffffff; font-weight: 400; font-family: 'Bebas Neue', sans-serif; line-height: 1;\"><strong>ES TIEMPO DEL CARB\u00d3<\/strong><\/p>\n<p>[\/vc_column_text][vc_empty_space height=\u00bb25&#8243;]<a  itemprop=\"url\" href=\"https:\/\/www.carbovic.cat\/es\/contacto\/\" target=\"_self\"  class=\"qbutton  default\" style=\"margin: 0px 10px 10px 0px; \">RESERVAS<\/a>[vc_empty_space height=\u00bb100&#8243;][\/vc_column][\/vc_row][vc_row css_animation=\u00bb\u00bb row_type=\u00bbrow\u00bb use_row_as_full_screen_section=\u00bbno\u00bb type=\u00bbgrid\u00bb angled_section=\u00bbno\u00bb text_align=\u00bbcenter\u00bb background_image_as_pattern=\u00bbwithout_pattern\u00bb z_index=\u00bb\u00bb background_image=\u00bb244&#8243;][vc_column offset=\u00bbvc_hidden-lg\u00bb][vc_empty_space height=\u00bb50&#8243;][vc_single_image image=\u00bb249&#8243; img_size=\u00bb131&#215;200&#8243; alignment=\u00bbcenter\u00bb qode_css_animation=\u00bb\u00bb][vc_empty_space height=\u00bb25&#8243;][vc_column_text]<\/p>\n<p style=\"text-align: center;\"><span style=\"color: #ffffff;\"><strong>Bienvenidos a nuestro restaurante, el templo de la brasa donde la pasi\u00f3n por la cocina se convierte en un aut\u00e9ntico arte.<br \/>\nSomos un espacio que celebra la tradici\u00f3n de la brasa, t\u00e9cnica culinaria que transforma cada plato en una experiencia \u00fanica.<\/strong><\/span><\/p>\n<p>[\/vc_column_text][vc_empty_space height=\u00bb25&#8243;][vc_column_text]<\/p>\n<p style=\"text-align: center; font-size: 60px; color: #ffffff; font-weight: 400; font-family: 'Bebas Neue', sans-serif; line-height: 1;\"><strong>ESTAS FIESTAS<br \/>\nEN EL CARB\u00d3<\/strong><\/p>\n<p>[\/vc_column_text][vc_empty_space height=\u00bb25&#8243;]<a  itemprop=\"url\" href=\"https:\/\/www.carbovic.cat\/es\/contacto\/\" target=\"_self\"  class=\"qbutton  default\" style=\"margin: 0px 10px 10px 0px; \">RESERVAS<\/a>[vc_empty_space height=\u00bb100&#8243;][\/vc_column][\/vc_row][vc_row css_animation=\u00bb\u00bb row_type=\u00bbrow\u00bb use_row_as_full_screen_section=\u00bbno\u00bb type=\u00bbgrid\u00bb angled_section=\u00bbno\u00bb text_align=\u00bbleft\u00bb background_image_as_pattern=\u00bbwithout_pattern\u00bb z_index=\u00bb\u00bb padding_top=\u00bb100&#8243; padding_bottom=\u00bb25&#8243; anchor=\u00bbinici\u00bb][vc_column][vc_column_text]<\/p>\n<h1>RESTAURANTE BRASERIA EL CARB\u00d3<\/h1>\n<p>[\/vc_column_text][vc_column_text]<\/p>\n<p style=\"text-align: left; font-size: 24px; color: #000000; font-weight: 400; line-height: 1.5;\"><strong>BRASERIA EN EL N\u00daCLEO HIST\u00d3RICO DE LA CIUDAD DE VIC<\/strong><\/p>\n<p>[\/vc_column_text][vc_empty_space height=\u00bb75&#8243;][vc_row_inner row_type=\u00bbrow\u00bb type=\u00bbfull_width\u00bb text_align=\u00bbleft\u00bb css_animation=\u00bb\u00bb][vc_column_inner width=\u00bb1\/2&#8243;][qode_elements_holder number_of_columns=\u00bbone_column\u00bb][qode_elements_holder_item advanced_animations=\u00bbno\u00bb item_padding=\u00bb0px 25px 0px 0px\u00bb][vc_column_text]Bienvenidos al Carb\u00f3, nuestro restaurante, un espacio pensado para que los amantes de la buena cocina compartan con los suyos un buen vino, un buen pan y una buena brasa, \u00a1que es se\u00f1al de buena casa!<\/p>\n<p>&nbsp;<\/p>\n<p>Combinamos los mejores ingredientes de proximidad y temporada con nuestro Josper, el coraz\u00f3n de la cocina de nuestra casa, para hacerle disfrutar y dar vida a los sabores m\u00e1s aut\u00e9nticos e intensos. Utilizamos el mejor carb\u00f3n para conseguir el punto exacto de cocci\u00f3n y ampliar el gusto y autenticidad de cada producto en su m\u00e1xima expresi\u00f3n.<\/p>\n<p>&nbsp;<\/p>\n<p>Nuestra carta est\u00e1 dise\u00f1ada para ofrecer una amplia selecci\u00f3n de productos de la tierra que combinan a la perfecci\u00f3n con la brasa, una t\u00e9cnica culinaria que transforma cada plato en una experiencia \u00fanica. Sin olvidarnos de las sugerencias, platos de temporada y pescados frescos que nos llegan cada semana de las mejores lonjas de Catalu\u00f1a.<\/p>\n<p>&nbsp;<\/p>\n<p>Acompa\u00f1amos a nuestros platos con una selecci\u00f3n de vinos y cavas del pa\u00eds que complementan los sabores intensos de la brasa. Adem\u00e1s, el ambiente acogedor de nuestra casa y la atenci\u00f3n personalizada complementan la experiencia gastron\u00f3mica para que cada ocasi\u00f3n sea especial.<\/p>\n<p>&nbsp;<\/p>\n<p style=\"text-align: left; font-size: 24px; color: #000000; font-weight: 400; line-height: 1.5; padding-left: 40px;\"><em>Ya sea una celebraci\u00f3n, un encuentro casual o una comida para hacer una parada en nuestro d\u00eda a d\u00eda, es un placer compartir con vosotros el rato que pasa en nuestro restaurante y hacer que disfrute al m\u00e1ximo del placer de comer.<\/em><\/p>\n<p>&nbsp;<\/p>\n<p>Hemos ampliado horarios para poder ofrecerle brasa, vinos y copas cuando m\u00e1s le convenga, le invitamos a ver el Carb\u00f3 de d\u00eda y el Carb\u00f3 de noche, un mismo restaurante en dos ambientes muy diferentes en medio del coraz\u00f3n de Vic, punto de encuentro y reuni\u00f3n por todos los que quieren disfrutar de lo mejor de nuestra tierra.[\/vc_column_text][vc_empty_space height=\u00bb50&#8243;]<a  itemprop=\"url\" href=\"\/es\/contacto\/\" target=\"_self\"  class=\"qbutton  default\" style=\"\">FES UNA PETICI\u00d3 DE RESERVA<\/a>[vc_empty_space height=\u00bb50&#8243;][\/qode_elements_holder_item][\/qode_elements_holder][\/vc_column_inner][vc_column_inner width=\u00bb1\/2&#8243;][vc_gallery interval=\u00bb3&#8243; images=\u00bb650,638,642,644,646,640,648,652&#8243; img_size=\u00bbfull\u00bb direction_nav=\u00bbyes\u00bb control_nav=\u00bbyes\u00bb][\/vc_column_inner][\/vc_row_inner][\/vc_column][\/vc_row][vc_row css_animation=\u00bb\u00bb row_type=\u00bbrow\u00bb use_row_as_full_screen_section=\u00bbno\u00bb type=\u00bbgrid\u00bb angled_section=\u00bbno\u00bb text_align=\u00bbleft\u00bb background_image_as_pattern=\u00bbwithout_pattern\u00bb z_index=\u00bb\u00bb][vc_column][vc_separator type=\u00bbnormal\u00bb color=\u00bb#000000&#8243; thickness=\u00bb1&#8243;][\/vc_column][\/vc_row][vc_row css_animation=\u00bb\u00bb row_type=\u00bbrow\u00bb use_row_as_full_screen_section=\u00bbno\u00bb type=\u00bbgrid\u00bb angled_section=\u00bbno\u00bb text_align=\u00bbleft\u00bb background_image_as_pattern=\u00bbwithout_pattern\u00bb z_index=\u00bb\u00bb padding_top=\u00bb75&#8243; padding_bottom=\u00bb75&#8243;][vc_column][vc_column_text]<\/p>\n<h2>NUESTRO PRODUCTO<\/h2>\n<p>[\/vc_column_text][vc_column_text]<\/p>\n<p style=\"text-align: left; font-size: 24px; color: #000000; font-weight: 400; line-height: 1.5;\"><strong>DISTINTAS FORMAS DE DISFRUTAR LA COMIDA DEL CARB\u00d3<\/strong><\/p>\n<p>[\/vc_column_text][vc_empty_space height=\u00bb75&#8243;][vc_row_inner row_type=\u00bbrow\u00bb type=\u00bbfull_width\u00bb text_align=\u00bbcenter\u00bb css_animation=\u00bb\u00bb][vc_column_inner width=\u00bb1\/3&#8243;][qode_elements_holder number_of_columns=\u00bbone_column\u00bb][qode_elements_holder_item advanced_animations=\u00bbno\u00bb item_padding=\u00bb0px 15px 0px 15px\u00bb][vc_single_image image=\u00bb337&#8243; img_size=\u00bbfull\u00bb alignment=\u00bbcenter\u00bb qode_css_animation=\u00bb\u00bb][vc_empty_space height=\u00bb25&#8243;][vc_column_text]<\/p>\n<h3 style=\"text-align: center;\">NUESTRA CARTA<\/h3>\n<p>[\/vc_column_text][vc_empty_space height=\u00bb25&#8243;][vc_column_text]<\/p>\n<p style=\"text-align: center;\">Una carta que se renueva constantemente y se complementa con sugerencias de carnes, pescados de mercado y verduras de temporada, adem\u00e1s de los imprescindibles embutidos de la comarca y las mejores referencias de vinos catalanes y extranjeros.<\/p>\n<p>[\/vc_column_text][vc_empty_space height=\u00bb25&#8243;]<a  itemprop=\"url\" href=\"\/es\/la-carta\/\" target=\"_self\"  class=\"qbutton  default\" style=\"\">VER LA CARTA<\/a>[vc_empty_space height=\u00bb75&#8243;][\/qode_elements_holder_item][\/qode_elements_holder][\/vc_column_inner][vc_column_inner width=\u00bb1\/3&#8243;][qode_elements_holder number_of_columns=\u00bbone_column\u00bb][qode_elements_holder_item advanced_animations=\u00bbno\u00bb item_padding=\u00bb0px 15px 0px 15px\u00bb][vc_single_image image=\u00bb374&#8243; img_size=\u00bbfull\u00bb alignment=\u00bbcenter\u00bb qode_css_animation=\u00bb\u00bb][vc_empty_space height=\u00bb25&#8243;][vc_column_text]<\/p>\n<h3 style=\"text-align: center;\">MEN\u00da PARA GRUPOS<\/h3>\n<p>[\/vc_column_text][vc_empty_space height=\u00bb25&#8243;][vc_column_text]<\/p>\n<p style=\"text-align: center;\">Pensado para hacer unos embutidos, ensaladas y algo m\u00e1s de picoteo primero y escoger uno de nuestros principales. Es el mejor men\u00fa y lugar para su encuentro.<\/p>\n<p>[\/vc_column_text][vc_empty_space height=\u00bb25&#8243;]<a  itemprop=\"url\" href=\"#\" target=\"_self\"  class=\"qbutton  default\" style=\"\">VER EL MEN\u00da PARA GRUPOS<\/a>[vc_empty_space height=\u00bb75&#8243;][\/qode_elements_holder_item][\/qode_elements_holder][\/vc_column_inner][vc_column_inner width=\u00bb1\/3&#8243;][qode_elements_holder number_of_columns=\u00bbone_column\u00bb][qode_elements_holder_item advanced_animations=\u00bbno\u00bb item_padding=\u00bb0px 15px 0px 15px\u00bb][vc_single_image image=\u00bb333&#8243; img_size=\u00bbfull\u00bb alignment=\u00bbcenter\u00bb qode_css_animation=\u00bb\u00bb][vc_empty_space height=\u00bb25&#8243;][vc_column_text]<\/p>\n<h3 style=\"text-align: center;\">MEN\u00da DE MEDIOD\u00cdA<\/h3>\n<p>[\/vc_column_text][vc_empty_space height=\u00bb25&#8243;][vc_column_text]<\/p>\n<p style=\"text-align: center;\">Cada d\u00eda de mi\u00e9rcoles a viernes. Se adapta a todos los gustos y es diferente y se va adaptando seg\u00fan productos de temporada, sin olvidarnos nunca de la brasa ya un precio asequible para todos los bolsillos.<br \/>\n<strong>\u00a1B\u00fascalo en las Stories de Instagram!<\/strong><\/p>\n<p>[\/vc_column_text][vc_empty_space height=\u00bb25&#8243;]<a  itemprop=\"url\" href=\"https:\/\/www.instagram.com\/s\/aGlnaGxpZ2h0OjE4MTQ0NzgzMTY2MTczMDg2?story_media_id=2890793690700713361_8898303391&amp;igshid=MzRlODBiNWFlZA==\" target=\"_blank\"  class=\"qbutton  default\" style=\"\">VER EL MEN\u00da<\/a>[vc_empty_space height=\u00bb50&#8243;][\/qode_elements_holder_item][\/qode_elements_holder][\/vc_column_inner][\/vc_row_inner][\/vc_column][\/vc_row][vc_row css_animation=\u00bb\u00bb row_type=\u00bbrow\u00bb use_row_as_full_screen_section=\u00bbno\u00bb type=\u00bbgrid\u00bb angled_section=\u00bbno\u00bb text_align=\u00bbleft\u00bb background_image_as_pattern=\u00bbwithout_pattern\u00bb css=\u00bb.vc_custom_1702980580059{background-color: #9e2915 !important;}\u00bb z_index=\u00bb\u00bb padding_top=\u00bb50&#8243; padding_bottom=\u00bb50&#8243;][vc_column][vc_column_text]<\/p>\n<h2><span style=\"color: #ffffff;\">TAKE AWAY: 93 832 44 34<\/span><\/h2>\n<p>[\/vc_column_text][vc_column_text]<span style=\"color: #ffffff;\"><strong>TODA NUESTRA CARTA Y LOS MEN\u00daS TAMBI\u00c9N DISPONIBLES PARA LLEVAR. LLAMANOS!<\/strong><\/span>[\/vc_column_text][\/vc_column][\/vc_row][vc_row css_animation=\u00bb\u00bb row_type=\u00bbrow\u00bb use_row_as_full_screen_section=\u00bbno\u00bb type=\u00bbgrid\u00bb angled_section=\u00bbno\u00bb text_align=\u00bbleft\u00bb background_image_as_pattern=\u00bbwithout_pattern\u00bb z_index=\u00bb\u00bb background_image=\u00bb251&#8243;][vc_column][vc_empty_space height=\u00bb500&#8243;][\/vc_column][\/vc_row][vc_row css_animation=\u00bb\u00bb row_type=\u00bbrow\u00bb use_row_as_full_screen_section=\u00bbno\u00bb type=\u00bbgrid\u00bb angled_section=\u00bbno\u00bb text_align=\u00bbleft\u00bb background_image_as_pattern=\u00bbwithout_pattern\u00bb z_index=\u00bb\u00bb background_image=\u00bb251&#8243;][vc_column width=\u00bb1\/2&#8243; offset=\u00bbvc_hidden-lg vc_hidden-md vc_hidden-sm vc_hidden-xs\u00bb][vc_empty_space height=\u00bb75&#8243;][vc_column_text]<\/p>\n<p style=\"text-align: left; font-size: 90px; color: #ffffff; font-weight: 400; font-family: 'Bebas Neue', sans-serif; line-height: 1;\">LAS CELEBRACIONES Y LAS FIESTAS EN EL CARB\u00d3<\/p>\n<p>[\/vc_column_text][vc_column_text]<\/p>\n<p style=\"text-align: left; font-size: 36px; color: #ffffff; font-weight: 400; font-family: 'Bebas Neue', sans-serif; line-height: 1;\">MEN\u00daS PARA EMPRESAS Y FIESTAS DE NAVIDAD 2023<\/p>\n<p>[\/vc_column_text][vc_empty_space height=\u00bb50&#8243;]<a  itemprop=\"url\" href=\"\/wp-content\/uploads\/2023\/12\/2023-el-carbo-menu-empresa-35.pdf\" target=\"_blank\"  class=\"qbutton  default\" style=\"margin: 0px 10px 10px 0px; \">MEN\u00da EMPRESA<\/a><a  itemprop=\"url\" href=\"\/wp-content\/uploads\/2023\/12\/2023-el-carbo-menu-sant-esteve.pdf\" target=\"_blank\"  class=\"qbutton  default\" style=\"margin: 0px 10px 10px 0px; \">MEN\u00da SANT ESTEVE<\/a>[vc_empty_space height=\u00bb75&#8243;][\/vc_column][vc_column width=\u00bb1\/2&#8243;][\/vc_column][\/vc_row]<\/p>\n<\/div>","protected":false},"excerpt":{"rendered":"<p>[vc_row css_animation=\u00bb\u00bb row_type=\u00bbrow\u00bb use_row_as_full_screen_section=\u00bbno\u00bb type=\u00bbgrid\u00bb angled_section=\u00bbno\u00bb text_align=\u00bbcenter\u00bb background_image_as_pattern=\u00bbwithout_pattern\u00bb z_index=\u00bb\u00bb background_image=\u00bb244&#8243;][vc_column offset=\u00bbvc_hidden-md vc_hidden-sm vc_hidden-xs\u00bb][vc_empty_space height=\u00bb50&#8243;][vc_single_image image=\u00bb249&#8243; img_size=\u00bb131&#215;200&#8243; alignment=\u00bbcenter\u00bb qode_css_animation=\u00bb\u00bb][vc_empty_space height=\u00bb25&#8243;][vc_column_text] Bienvenidos a nuestro restaurante, el templo de la brasa donde la pasi\u00f3n por la cocina se convierte en un aut\u00e9ntico arte. Somos un espacio que celebra&hellip; <a class=\"continue\" href=\"https:\/\/www.carbovic.cat\/es\/\">CONTINUAR >><span> INICIO<\/span><\/a><\/p>\n","protected":false},"author":1,"featured_media":0,"parent":0,"menu_order":0,"comment_status":"closed","ping_status":"closed","template":"full_width.php","meta":{"_joinchat":[],"footnotes":""},"class_list":["post-708","page","type-page","status-publish","hentry"],"_links":{"self":[{"href":"https:\/\/www.carbovic.cat\/es\/wp-json\/wp\/v2\/pages\/708","targetHints":{"allow":["GET"]}}],"collection":[{"href":"https:\/\/www.carbovic.cat\/es\/wp-json\/wp\/v2\/pages"}],"about":[{"href":"https:\/\/www.carbovic.cat\/es\/wp-json\/wp\/v2\/types\/page"}],"author":[{"embeddable":true,"href":"https:\/\/www.carbovic.cat\/es\/wp-json\/wp\/v2\/users\/1"}],"replies":[{"embeddable":true,"href":"https:\/\/www.carbovic.cat\/es\/wp-json\/wp\/v2\/comments?post=708"}],"version-history":[{"count":17,"href":"https:\/\/www.carbovic.cat\/es\/wp-json\/wp\/v2\/pages\/708\/revisions"}],"predecessor-version":[{"id":1072,"href":"https:\/\/www.carbovic.cat\/es\/wp-json\/wp\/v2\/pages\/708\/revisions\/1072"}],"wp:attachment":[{"href":"https:\/\/www.carbovic.cat\/es\/wp-json\/wp\/v2\/media?parent=708"}],"curies":[{"name":"wp","href":"https:\/\/api.w.org\/{rel}","templated":true}]}}